{"id":101000,"date":"2025-10-27T17:16:13","date_gmt":"2025-10-27T17:16:13","guid":{"rendered":"https:\/\/americana.edu.co\/medellin\/?page_id=101000"},"modified":"2025-10-27T17:16:13","modified_gmt":"2025-10-27T17:16:13","slug":"grados-institucionales-posgrados","status":"publish","type":"page","link":"https:\/\/americana.edu.co\/medellin\/grados-institucionales-posgrados\/","title":{"rendered":"Grados Institucionales | Posgrados"},"content":{"rendered":"","protected":false},"excerpt":{"rendered":"","protected":false},"author":5,"featured_media":0,"parent":0,"menu_order":0,"comment_status":"closed","ping_status":"closed","template":"","meta":{"om_disable_all_campaigns":false,"footnotes":""},"yoast_head":"<!-- This site is optimized with the Yoast SEO plugin v22.9 - https:\/\/yoast.com\/wordpress\/plugins\/seo\/ -->\n<title>Grados Institucionales | Posgrados &#187; La Americana Medell\u00edn<\/title>\n<meta name=\"description\" content=\"Grados Institucionales Americana Medell\u00edn, informaci\u00f3n general sobre la ceremonia de certificaci\u00f3n de la instituci\u00f3n y requisitos para tener en cuenta.\" \/>\n<meta name=\"robots\" content=\"index, follow, max-snippet:-1, max-image-preview:large, max-video-preview:-1\" \/>\n<link rel=\"canonical\" href=\"https:\/\/americana.edu.co\/medellin\/grados-institucionales-posgrados\/\" \/>\n<meta property=\"og:locale\" content=\"es_ES\" \/>\n<meta property=\"og:type\" content=\"article\" \/>\n<meta property=\"og:title\" content=\"Grados Institucionales | Posgrados &#187; La Americana Medell\u00edn\" \/>\n<meta property=\"og:description\" content=\"Grados Institucionales Americana Medell\u00edn, informaci\u00f3n general sobre la ceremonia de certificaci\u00f3n de la instituci\u00f3n y requisitos para tener en cuenta.\" \/>\n<meta property=\"og:url\" content=\"https:\/\/americana.edu.co\/medellin\/grados-institucionales-posgrados\/\" \/>\n<meta property=\"og:site_name\" content=\"Corporaci\u00f3n Universitaria Americana - Medell\u00edn\" \/>\n<meta name=\"twitter:card\" content=\"summary_large_image\" \/>\n<meta name=\"twitter:label1\" content=\"Tiempo de lectura\" \/>\n\t<meta name=\"twitter:data1\" content=\"4 minutos\" \/>\n<script type=\"application\/ld+json\" class=\"yoast-schema-graph\">{\"@context\":\"https:\/\/schema.org\",\"@graph\":[{\"@type\":\"WebPage\",\"@id\":\"https:\/\/americana.edu.co\/medellin\/grados-institucionales-posgrados\/\",\"url\":\"https:\/\/americana.edu.co\/medellin\/grados-institucionales-posgrados\/\",\"name\":\"Grados Institucionales | Posgrados &#187; La Americana Medell\u00edn\",\"isPartOf\":{\"@id\":\"https:\/\/americana.edu.co\/medellin\/#website\"},\"datePublished\":\"2025-10-27T17:16:13+00:00\",\"dateModified\":\"2025-10-27T17:16:13+00:00\",\"description\":\"Grados Institucionales Americana Medell\u00edn, informaci\u00f3n general sobre la ceremonia de certificaci\u00f3n de la instituci\u00f3n y requisitos para tener en cuenta.\",\"breadcrumb\":{\"@id\":\"https:\/\/americana.edu.co\/medellin\/grados-institucionales-posgrados\/#breadcrumb\"},\"inLanguage\":\"es\",\"potentialAction\":[{\"@type\":\"ReadAction\",\"target\":[\"https:\/\/americana.edu.co\/medellin\/grados-institucionales-posgrados\/\"]}]},{\"@type\":\"BreadcrumbList\",\"@id\":\"https:\/\/americana.edu.co\/medellin\/grados-institucionales-posgrados\/#breadcrumb\",\"itemListElement\":[{\"@type\":\"ListItem\",\"position\":1,\"name\":\"Portada\",\"item\":\"https:\/\/americana.edu.co\/medellin\/\"},{\"@type\":\"ListItem\",\"position\":2,\"name\":\"Grados Institucionales | Posgrados\"}]},{\"@type\":\"WebSite\",\"@id\":\"https:\/\/americana.edu.co\/medellin\/#website\",\"url\":\"https:\/\/americana.edu.co\/medellin\/\",\"name\":\"Corporaci\u00f3n Universitaria Americana - Medell\u00edn\",\"description\":\"\",\"publisher\":{\"@id\":\"https:\/\/americana.edu.co\/medellin\/#organization\"},\"potentialAction\":[{\"@type\":\"SearchAction\",\"target\":{\"@type\":\"EntryPoint\",\"urlTemplate\":\"https:\/\/americana.edu.co\/medellin\/?s={search_term_string}\"},\"query-input\":\"required name=search_term_string\"}],\"inLanguage\":\"es\"},{\"@type\":\"Organization\",\"@id\":\"https:\/\/americana.edu.co\/medellin\/#organization\",\"name\":\"Corporaci\u00f3n Universitaria Americana Barranquilla\",\"url\":\"https:\/\/americana.edu.co\/medellin\/\",\"logo\":{\"@type\":\"ImageObject\",\"inLanguage\":\"es\",\"@id\":\"https:\/\/americana.edu.co\/medellin\/#\/schema\/logo\/image\/\",\"url\":\"https:\/\/americana.edu.co\/medellin\/wp-content\/uploads\/2022\/11\/logo-americana.png\",\"contentUrl\":\"https:\/\/americana.edu.co\/medellin\/wp-content\/uploads\/2022\/11\/logo-americana.png\",\"width\":161,\"height\":195,\"caption\":\"Corporaci\u00f3n Universitaria Americana Barranquilla\"},\"image\":{\"@id\":\"https:\/\/americana.edu.co\/medellin\/#\/schema\/logo\/image\/\"}}]}<\/script>\n<!-- \/ Yoast SEO plugin. -->","yoast_head_json":{"title":"Grados Institucionales | Posgrados &#187; La Americana Medell\u00edn","description":"Grados Institucionales Americana Medell\u00edn, informaci\u00f3n general sobre la ceremonia de certificaci\u00f3n de la instituci\u00f3n y requisitos para tener en cuenta.","robots":{"index":"index","follow":"follow","max-snippet":"max-snippet:-1","max-image-preview":"max-image-preview:large","max-video-preview":"max-video-preview:-1"},"canonical":"https:\/\/americana.edu.co\/medellin\/grados-institucionales-posgrados\/","og_locale":"es_ES","og_type":"article","og_title":"Grados Institucionales | Posgrados &#187; La Americana Medell\u00edn","og_description":"Grados Institucionales Americana Medell\u00edn, informaci\u00f3n general sobre la ceremonia de certificaci\u00f3n de la instituci\u00f3n y requisitos para tener en cuenta.","og_url":"https:\/\/americana.edu.co\/medellin\/grados-institucionales-posgrados\/","og_site_name":"Corporaci\u00f3n Universitaria Americana - Medell\u00edn","twitter_card":"summary_large_image","twitter_misc":{"Tiempo de lectura":"4 minutos"},"schema":{"@context":"https:\/\/schema.org","@graph":[{"@type":"WebPage","@id":"https:\/\/americana.edu.co\/medellin\/grados-institucionales-posgrados\/","url":"https:\/\/americana.edu.co\/medellin\/grados-institucionales-posgrados\/","name":"Grados Institucionales | Posgrados &#187; La Americana Medell\u00edn","isPartOf":{"@id":"https:\/\/americana.edu.co\/medellin\/#website"},"datePublished":"2025-10-27T17:16:13+00:00","dateModified":"2025-10-27T17:16:13+00:00","description":"Grados Institucionales Americana Medell\u00edn, informaci\u00f3n general sobre la ceremonia de certificaci\u00f3n de la instituci\u00f3n y requisitos para tener en cuenta.","breadcrumb":{"@id":"https:\/\/americana.edu.co\/medellin\/grados-institucionales-posgrados\/#breadcrumb"},"inLanguage":"es","potentialAction":[{"@type":"ReadAction","target":["https:\/\/americana.edu.co\/medellin\/grados-institucionales-posgrados\/"]}]},{"@type":"BreadcrumbList","@id":"https:\/\/americana.edu.co\/medellin\/grados-institucionales-posgrados\/#breadcrumb","itemListElement":[{"@type":"ListItem","position":1,"name":"Portada","item":"https:\/\/americana.edu.co\/medellin\/"},{"@type":"ListItem","position":2,"name":"Grados Institucionales | Posgrados"}]},{"@type":"WebSite","@id":"https:\/\/americana.edu.co\/medellin\/#website","url":"https:\/\/americana.edu.co\/medellin\/","name":"Corporaci\u00f3n Universitaria Americana - Medell\u00edn","description":"","publisher":{"@id":"https:\/\/americana.edu.co\/medellin\/#organization"},"potentialAction":[{"@type":"SearchAction","target":{"@type":"EntryPoint","urlTemplate":"https:\/\/americana.edu.co\/medellin\/?s={search_term_string}"},"query-input":"required name=search_term_string"}],"inLanguage":"es"},{"@type":"Organization","@id":"https:\/\/americana.edu.co\/medellin\/#organization","name":"Corporaci\u00f3n Universitaria Americana Barranquilla","url":"https:\/\/americana.edu.co\/medellin\/","logo":{"@type":"ImageObject","inLanguage":"es","@id":"https:\/\/americana.edu.co\/medellin\/#\/schema\/logo\/image\/","url":"https:\/\/americana.edu.co\/medellin\/wp-content\/uploads\/2022\/11\/logo-americana.png","contentUrl":"https:\/\/americana.edu.co\/medellin\/wp-content\/uploads\/2022\/11\/logo-americana.png","width":161,"height":195,"caption":"Corporaci\u00f3n Universitaria Americana Barranquilla"},"image":{"@id":"https:\/\/americana.edu.co\/medellin\/#\/schema\/logo\/image\/"}}]}},"_links":{"self":[{"href":"https:\/\/americana.edu.co\/medellin\/wp-json\/wp\/v2\/pages\/101000"}],"collection":[{"href":"https:\/\/americana.edu.co\/medellin\/wp-json\/wp\/v2\/pages"}],"about":[{"href":"https:\/\/americana.edu.co\/medellin\/wp-json\/wp\/v2\/types\/page"}],"author":[{"embeddable":true,"href":"https:\/\/americana.edu.co\/medellin\/wp-json\/wp\/v2\/users\/5"}],"replies":[{"embeddable":true,"href":"https:\/\/americana.edu.co\/medellin\/wp-json\/wp\/v2\/comments?post=101000"}],"version-history":[{"count":1,"href":"https:\/\/americana.edu.co\/medellin\/wp-json\/wp\/v2\/pages\/101000\/revisions"}],"predecessor-version":[{"id":101002,"href":"https:\/\/americana.edu.co\/medellin\/wp-json\/wp\/v2\/pages\/101000\/revisions\/101002"}],"wp:attachment":[{"href":"https:\/\/americana.edu.co\/medellin\/wp-json\/wp\/v2\/media?parent=101000"}],"curies":[{"name":"wp","href":"https:\/\/api.w.org\/{rel}","templated":true}]}}