{"id":6236,"date":"2018-10-09T20:33:09","date_gmt":"2018-10-09T20:33:09","guid":{"rendered":"https:\/\/americana.edu.co\/medellin4\/?page_id=6236"},"modified":"2024-11-08T19:20:08","modified_gmt":"2024-11-08T19:20:08","slug":"la-americana","status":"publish","type":"page","link":"https:\/\/americana.edu.co\/medellin\/","title":{"rendered":"Corporaci\u00f3n Universitaria Americana &#8211; Medell\u00edn"},"content":{"rendered":"\n\t\t<!-- MasterSlider -->\n\t\t<div id=\"P_MS69f893d41270e\" class=\"master-slider-parent msl ms-parent-id-1\" style=\"\">\n\n\t\t\t\n\t\t\t<!-- MasterSlider Main -->\n\t\t\t<div id=\"MS69f893d41270e\" class=\"master-slider ms-skin-default\" >\n\t\t\t\t \t\t\t\t \n\t\t\t\t<div  class=\"ms-slide\" data-delay=\"3\" data-fill-mode=\"fill\"  >\n\t\t\t\t\t<img decoding=\"async\" src=\"https:\/\/americana.edu.co\/medellin\/wp-content\/plugins\/master-slider\/public\/assets\/css\/blank.gif\" alt=\"\" title=\"\" data-src=\"https:\/\/americana.edu.co\/medellin\/wp-content\/uploads\/2026\/03\/Untitled-design-6.png\" \/>\n\n\n\t<div class=\"ms-thumb\" ><div class=\"ms-tab-context\"><div class=&quot;ms-tab-context&quot;><\/div><\/div>\n<\/div>\n\t\t\t\t<\/div>\n\t\t\t\t<div  class=\"ms-slide\" data-delay=\"3\" data-fill-mode=\"fill\"  >\n\t\t\t\t\t<img decoding=\"async\" src=\"https:\/\/americana.edu.co\/medellin\/wp-content\/plugins\/master-slider\/public\/assets\/css\/blank.gif\" alt=\"\" title=\"\" data-src=\"https:\/\/americana.edu.co\/medellin\/wp-content\/uploads\/2026\/04\/BANNERS-3.png\" \/>\n\n\n\t<div class=\"ms-thumb\" ><div class=\"ms-tab-context\"><div class=&quot;ms-tab-context&quot;><\/div><\/div>\n<\/div>\n\t\t\t\t<\/div>\n\t\t\t\t<div  class=\"ms-slide\" data-delay=\"3\" data-fill-mode=\"fill\"  >\n\t\t\t\t\t<img decoding=\"async\" src=\"https:\/\/americana.edu.co\/medellin\/wp-content\/plugins\/master-slider\/public\/assets\/css\/blank.gif\" alt=\"\" title=\"\" data-src=\"https:\/\/americana.edu.co\/medellin\/wp-content\/uploads\/2026\/04\/BANNERS.png\" \/>\n\n\n\t<div class=\"ms-thumb\" ><div class=\"ms-tab-context\"><div class=&quot;ms-tab-context&quot;><\/div><\/div>\n<\/div>\n\t\t\t\t<\/div>\n\t\t\t\t<div  class=\"ms-slide\" data-delay=\"3\" data-fill-mode=\"fill\"  >\n\t\t\t\t\t<img decoding=\"async\" src=\"https:\/\/americana.edu.co\/medellin\/wp-content\/plugins\/master-slider\/public\/assets\/css\/blank.gif\" alt=\"\" title=\"\" data-src=\"https:\/\/americana.edu.co\/medellin\/wp-content\/uploads\/2026\/03\/AM-Ruta-Digital-11-1.png\" \/>\n\t<a href=\"https:\/\/apps.americana.edu.co\/Congreso\/portal\" target=\"_blank\"    ><\/a>\n\n\n\t<div class=\"ms-thumb\" ><div class=\"ms-tab-context\"><div class=&quot;ms-tab-context&quot;><\/div><\/div>\n<\/div>\n\t\t\t\t<\/div>\n\t\t\t\t<div  class=\"ms-slide\" data-delay=\"3\" data-fill-mode=\"fill\"  >\n\t\t\t\t\t<img decoding=\"async\" src=\"https:\/\/americana.edu.co\/medellin\/wp-content\/plugins\/master-slider\/public\/assets\/css\/blank.gif\" alt=\"\" title=\"\" data-src=\"https:\/\/americana.edu.co\/medellin\/wp-content\/uploads\/2026\/03\/Untitled-design-5.png\" \/>\n\n\n\t<div class=\"ms-thumb\" ><div class=\"ms-tab-context\"><div class=&quot;ms-tab-context&quot;><\/div><\/div>\n<\/div>\n\t\t\t\t<\/div>\n\t\t\t\t<div  class=\"ms-slide\" data-delay=\"3\" data-fill-mode=\"fill\"  >\n\t\t\t\t\t<img decoding=\"async\" src=\"https:\/\/americana.edu.co\/medellin\/wp-content\/plugins\/master-slider\/public\/assets\/css\/blank.gif\" alt=\"\" title=\"\" data-src=\"https:\/\/americana.edu.co\/medellin\/wp-content\/uploads\/2026\/02\/WhatsApp-Image-2026-02-11-at-5.11.18-PM.jpeg\" \/>\n\n\n\t<div class=\"ms-thumb\" ><div class=\"ms-tab-context\"><div class=&quot;ms-tab-context&quot;><\/div><\/div>\n<\/div>\n\t\t\t\t<\/div>\n\t\t\t\t<div  class=\"ms-slide\" data-delay=\"3\" data-fill-mode=\"fill\"  >\n\t\t\t\t\t<img decoding=\"async\" src=\"https:\/\/americana.edu.co\/medellin\/wp-content\/plugins\/master-slider\/public\/assets\/css\/blank.gif\" alt=\"\" title=\"\" data-src=\"https:\/\/americana.edu.co\/medellin\/wp-content\/uploads\/2024\/07\/banner-next-2.0.jpg\" \/>\n\t<a href=\"https:\/\/forms.gle\/THmtQBgQU4QpZkr69\"     ><\/a>\n\n\n\t<div class=\"ms-thumb\" ><div class=\"ms-tab-context\"><div class=&quot;ms-tab-context&quot;><\/div><\/div>\n<\/div>\n\t\t\t\t<\/div>\n\t\t\t\t<div  class=\"ms-slide\" data-delay=\"3\" data-fill-mode=\"fill\"  >\n\t\t\t\t\t<img decoding=\"async\" src=\"https:\/\/americana.edu.co\/medellin\/wp-content\/plugins\/master-slider\/public\/assets\/css\/blank.gif\" alt=\"\" title=\"\" data-src=\"https:\/\/americana.edu.co\/medellin\/wp-content\/uploads\/2024\/07\/banner-slider-next.jpg\" \/>\n\t<a href=\"https:\/\/forms.gle\/THmtQBgQU4QpZkr69\" target=\"_blank\"    ><\/a>\n\n\n\t<div class=\"ms-thumb\" ><div class=\"ms-tab-context\"><div class=&quot;ms-tab-context&quot;><\/div><\/div>\n<\/div>\n\t\t\t\t<\/div>\n\t\t\t\t<div  class=\"ms-slide\" data-delay=\"3\" data-fill-mode=\"fill\"  >\n\t\t\t\t\t<img decoding=\"async\" src=\"https:\/\/americana.edu.co\/medellin\/wp-content\/plugins\/master-slider\/public\/assets\/css\/blank.gif\" alt=\"\" title=\"\" data-src=\"https:\/\/americana.edu.co\/medellin\/wp-content\/uploads\/2024\/07\/Banner-2.jpg\" \/>\n\t<a href=\"https:\/\/americana.edu.co\/medellin\/maestria-en-administracion-mba\/\" target=\"_blank\"    ><\/a>\n\n\n\t<div class=\"ms-thumb\" ><div class=\"ms-tab-context\"><div class=&quot;ms-tab-context&quot;><\/div><\/div>\n<\/div>\n\t\t\t\t<\/div>\n\t\t\t\t<div  class=\"ms-slide\" data-delay=\"3\" data-fill-mode=\"fill\"  >\n\t\t\t\t\t<img decoding=\"async\" src=\"https:\/\/americana.edu.co\/medellin\/wp-content\/plugins\/master-slider\/public\/assets\/css\/blank.gif\" alt=\"\" title=\"\" data-src=\"https:\/\/americana.edu.co\/medellin\/wp-content\/uploads\/2024\/04\/banner-nuevas-especializaciones-ADMINISTRACION-2.jpg\" \/>\n\t<a href=\"https:\/\/americana.edu.co\/medellin\/administracion-publica-virtual\/\" target=\"_blank\"    ><\/a>\n\n\n\t<div class=\"ms-thumb\" ><div class=\"ms-tab-context\"><div class=&quot;ms-tab-context&quot;><\/div><\/div>\n<\/div>\n\t\t\t\t<\/div>\n\t\t\t\t<div  class=\"ms-slide\" data-delay=\"3\" data-fill-mode=\"fill\"  >\n\t\t\t\t\t<img decoding=\"async\" src=\"https:\/\/americana.edu.co\/medellin\/wp-content\/plugins\/master-slider\/public\/assets\/css\/blank.gif\" alt=\"\" title=\"\" data-src=\"https:\/\/americana.edu.co\/medellin\/wp-content\/uploads\/2024\/05\/Slider-pago.jpg\" \/>\n\t<a href=\"https:\/\/sites.placetopay.com\/americana\" target=\"_blank\"    ><\/a>\n\n\n\t<div class=\"ms-thumb\" ><div class=\"ms-tab-context\"><div class=&quot;ms-tab-context&quot;><\/div><\/div>\n<\/div>\n\t\t\t\t<\/div>\n\t\t\t\t<div  class=\"ms-slide\" data-delay=\"3\" data-fill-mode=\"fill\"  >\n\t\t\t\t\t<img decoding=\"async\" src=\"https:\/\/americana.edu.co\/medellin\/wp-content\/plugins\/master-slider\/public\/assets\/css\/blank.gif\" alt=\"\" title=\"\" data-src=\"https:\/\/americana.edu.co\/medellin\/wp-content\/uploads\/2025\/12\/WhatsApp-Image-2025-10-27-at-10.23.22-AM.jpeg\" \/>\n\t<a href=\"https:\/\/apps.americana.edu.co\/convenios\/emprende\/\"     ><\/a>\n\n\n\t<div class=\"ms-thumb\" ><div class=\"ms-tab-context\"><div class=&quot;ms-tab-context&quot;><\/div><\/div>\n<\/div>\n\t\t\t\t<\/div>\n\t\t\t\t<div  class=\"ms-slide\" data-delay=\"3\" data-fill-mode=\"fill\"  >\n\t\t\t\t\t<img decoding=\"async\" src=\"https:\/\/americana.edu.co\/medellin\/wp-content\/plugins\/master-slider\/public\/assets\/css\/blank.gif\" alt=\"\" title=\"\" data-src=\"https:\/\/americana.edu.co\/medellin\/wp-content\/uploads\/2024\/04\/gerencia-tributaria-banner-1.jpg\" \/>\n\t<a href=\"https:\/\/americana.edu.co\/medellin\/especializacion-en-gerencia-tributaria-virtual\/\" target=\"_blank\"    ><\/a>\n\n\n\t<div class=\"ms-thumb\" ><div class=\"ms-tab-context\"><div class=&quot;ms-tab-context&quot;><\/div><\/div>\n<\/div>\n\t\t\t\t<\/div>\n\t\t\t\t<div  class=\"ms-slide\" data-delay=\"3\" data-fill-mode=\"fill\"  >\n\t\t\t\t\t<img decoding=\"async\" src=\"https:\/\/americana.edu.co\/medellin\/wp-content\/plugins\/master-slider\/public\/assets\/css\/blank.gif\" alt=\"\" title=\"\" data-src=\"https:\/\/americana.edu.co\/medellin\/wp-content\/uploads\/2023\/12\/refiere-y-gana-banner.png\" \/>\n\t<a href=\"https:\/\/americana.edu.co\/medellin\/refiere-y-gana\/\" target=\"_blank\"    ><\/a>\n\n\n\t<div class=\"ms-thumb\" ><div class=\"ms-tab-context\"><div class=&quot;ms-tab-context&quot;><\/div><\/div>\n<\/div>\n\t\t\t\t<\/div>\n\t\t\t\t<div  class=\"ms-slide\" data-delay=\"3\" data-fill-mode=\"fill\"  >\n\t\t\t\t\t<img decoding=\"async\" src=\"https:\/\/americana.edu.co\/medellin\/wp-content\/plugins\/master-slider\/public\/assets\/css\/blank.gif\" alt=\"\" title=\"\" data-src=\"https:\/\/americana.edu.co\/medellin\/wp-content\/uploads\/2023\/12\/banner-descuentos-de-familia.png\" \/>\n\t<a href=\"https:\/\/americana.edu.co\/medellin\/financiamiento-americana-medellin\/\" target=\"_blank\"    ><\/a>\n\n\n\t<div class=\"ms-thumb\" ><div class=\"ms-tab-context\"><div class=&quot;ms-tab-context&quot;><\/div><\/div>\n<\/div>\n\t\t\t\t<\/div>\n\n\t\t\t<\/div>\n\t\t\t<!-- END MasterSlider Main -->\n\n\t\t\t \n\t\t<\/div>\n\t\t<!-- END MasterSlider -->\n\n\t\t<script>\n\t\t(function ( $ ) {\n\t\t\t\"use strict\";\n\n\t\t\t$(function () {\n\t\t\t\tvar masterslider_270e = new MasterSlider();\n\n\t\t\t\t\/\/ slider controls\n\t\t\t\tmasterslider_270e.control('arrows'     ,{ autohide:true, overVideo:true  });\n\t\t\t\t\/\/ slider setup\n\t\t\t\tmasterslider_270e.setup(\"MS69f893d41270e\", {\n\t\t\t\t\t\twidth           : 1920,\n\t\t\t\t\t\theight          : 665,\n\t\t\t\t\t\tminHeight       : 0,\n\t\t\t\t\t\tspace           : 0,\n\t\t\t\t\t\tstart           : 1,\n\t\t\t\t\t\tgrabCursor      : true,\n\t\t\t\t\t\tswipe           : true,\n\t\t\t\t\t\tmouse           : true,\n\t\t\t\t\t\tlayout          : \"fullwidth\",\n\t\t\t\t\t\twheel           : false,\n\t\t\t\t\t\tautoplay        : true,\n\t\t\t\t\t\tinstantStartLayers:false,\n\t\t\t\t\t\tloop            : false,\n\t\t\t\t\t\tshuffle         : false,\n\t\t\t\t\t\tpreload         : 0,\n\t\t\t\t\t\theightLimit     : true,\n\t\t\t\t\t\tautoHeight      : true,\n\t\t\t\t\t\tsmoothHeight    : true,\n\t\t\t\t\t\tendPause        : false,\n\t\t\t\t\t\toverPause       : true,\n\t\t\t\t\t\tfillMode        : \"fill\",\n\t\t\t\t\t\tcenterControls  : true,\n\t\t\t\t\t\tstartOnAppear   : false,\n\t\t\t\t\t\tlayersMode      : \"center\",\n\t\t\t\t\t\thideLayers      : false,\n\t\t\t\t\t\tfullscreenMargin: 0,\n\t\t\t\t\t\tspeed           : 20,\n\t\t\t\t\t\tdir             : \"h\",\n\t\t\t\t\t\tparallaxMode    : 'swipe',\n\t\t\t\t\t\tview            : \"basic\"\n\t\t\t\t});\n\n\t\t\t\t\n\t\t\t\twindow.masterslider_instances = window.masterslider_instances || [];\n\t\t\t\twindow.masterslider_instances.push( masterslider_270e );\n\t\t\t });\n\n\t\t})(jQuery);\n\t\t<\/script>\n\n\n","protected":false},"excerpt":{"rendered":"","protected":false},"author":5,"featured_media":0,"parent":0,"menu_order":0,"comment_status":"closed","ping_status":"closed","template":"","meta":{"om_disable_all_campaigns":false,"footnotes":""},"yoast_head":"<!-- This site is optimized with the Yoast SEO plugin v22.9 - https:\/\/yoast.com\/wordpress\/plugins\/seo\/ -->\n<title>Corporaci\u00f3n Universitaria Americana - Medell\u00edn<\/title>\n<meta name=\"description\" content=\"Programas de pregrado presencial y virtual, posgrados y cursos de educaci\u00f3n continuada, toda una oferta educativa dise\u00f1ada para tu formaci\u00f3n profesional.\" \/>\n<meta name=\"robots\" content=\"index, follow, max-snippet:-1, max-image-preview:large, max-video-preview:-1\" \/>\n<link rel=\"canonical\" href=\"https:\/\/americana.edu.co\/medellin\/\" \/>\n<meta property=\"og:locale\" content=\"es_ES\" \/>\n<meta property=\"og:type\" content=\"article\" \/>\n<meta property=\"og:title\" content=\"Corporaci\u00f3n Universitaria Americana - Medell\u00edn\" \/>\n<meta property=\"og:description\" content=\"Programas de pregrado presencial y virtual, posgrados y cursos de educaci\u00f3n continuada, toda una oferta educativa dise\u00f1ada para tu formaci\u00f3n profesional.\" \/>\n<meta property=\"og:url\" content=\"https:\/\/americana.edu.co\/medellin\/\" \/>\n<meta property=\"og:site_name\" content=\"Corporaci\u00f3n Universitaria Americana - Medell\u00edn\" \/>\n<meta property=\"article:modified_time\" content=\"2024-11-08T19:20:08+00:00\" \/>\n<meta name=\"twitter:card\" content=\"summary_large_image\" \/>\n<meta name=\"twitter:label1\" content=\"Tiempo de lectura\" \/>\n\t<meta name=\"twitter:data1\" content=\"7 minutos\" \/>\n<script type=\"application\/ld+json\" class=\"yoast-schema-graph\">{\"@context\":\"https:\/\/schema.org\",\"@graph\":[{\"@type\":\"WebPage\",\"@id\":\"https:\/\/americana.edu.co\/medellin\/\",\"url\":\"https:\/\/americana.edu.co\/medellin\/\",\"name\":\"Corporaci\u00f3n Universitaria Americana - Medell\u00edn\",\"isPartOf\":{\"@id\":\"https:\/\/americana.edu.co\/medellin\/#website\"},\"datePublished\":\"2018-10-09T20:33:09+00:00\",\"dateModified\":\"2024-11-08T19:20:08+00:00\",\"description\":\"Programas de pregrado presencial y virtual, posgrados y cursos de educaci\u00f3n continuada, toda una oferta educativa dise\u00f1ada para tu formaci\u00f3n profesional.\",\"breadcrumb\":{\"@id\":\"https:\/\/americana.edu.co\/medellin\/#breadcrumb\"},\"inLanguage\":\"es\",\"potentialAction\":[{\"@type\":\"ReadAction\",\"target\":[\"https:\/\/americana.edu.co\/medellin\/\"]}]},{\"@type\":\"BreadcrumbList\",\"@id\":\"https:\/\/americana.edu.co\/medellin\/#breadcrumb\",\"itemListElement\":[{\"@type\":\"ListItem\",\"position\":1,\"name\":\"Portada\",\"item\":\"https:\/\/americana.edu.co\/medellin\/\"},{\"@type\":\"ListItem\",\"position\":2,\"name\":\"Corporaci\u00f3n Universitaria Americana &#8211; Medell\u00edn\"}]},{\"@type\":\"WebSite\",\"@id\":\"https:\/\/americana.edu.co\/medellin\/#website\",\"url\":\"https:\/\/americana.edu.co\/medellin\/\",\"name\":\"Corporaci\u00f3n Universitaria Americana - Medell\u00edn\",\"description\":\"\",\"publisher\":{\"@id\":\"https:\/\/americana.edu.co\/medellin\/#organization\"},\"potentialAction\":[{\"@type\":\"SearchAction\",\"target\":{\"@type\":\"EntryPoint\",\"urlTemplate\":\"https:\/\/americana.edu.co\/medellin\/?s={search_term_string}\"},\"query-input\":\"required name=search_term_string\"}],\"inLanguage\":\"es\"},{\"@type\":\"Organization\",\"@id\":\"https:\/\/americana.edu.co\/medellin\/#organization\",\"name\":\"Corporaci\u00f3n Universitaria Americana Barranquilla\",\"url\":\"https:\/\/americana.edu.co\/medellin\/\",\"logo\":{\"@type\":\"ImageObject\",\"inLanguage\":\"es\",\"@id\":\"https:\/\/americana.edu.co\/medellin\/#\/schema\/logo\/image\/\",\"url\":\"https:\/\/americana.edu.co\/medellin\/wp-content\/uploads\/2022\/11\/logo-americana.png\",\"contentUrl\":\"https:\/\/americana.edu.co\/medellin\/wp-content\/uploads\/2022\/11\/logo-americana.png\",\"width\":161,\"height\":195,\"caption\":\"Corporaci\u00f3n Universitaria Americana Barranquilla\"},\"image\":{\"@id\":\"https:\/\/americana.edu.co\/medellin\/#\/schema\/logo\/image\/\"}}]}<\/script>\n<!-- \/ Yoast SEO plugin. -->","yoast_head_json":{"title":"Corporaci\u00f3n Universitaria Americana - Medell\u00edn","description":"Programas de pregrado presencial y virtual, posgrados y cursos de educaci\u00f3n continuada, toda una oferta educativa dise\u00f1ada para tu formaci\u00f3n profesional.","robots":{"index":"index","follow":"follow","max-snippet":"max-snippet:-1","max-image-preview":"max-image-preview:large","max-video-preview":"max-video-preview:-1"},"canonical":"https:\/\/americana.edu.co\/medellin\/","og_locale":"es_ES","og_type":"article","og_title":"Corporaci\u00f3n Universitaria Americana - Medell\u00edn","og_description":"Programas de pregrado presencial y virtual, posgrados y cursos de educaci\u00f3n continuada, toda una oferta educativa dise\u00f1ada para tu formaci\u00f3n profesional.","og_url":"https:\/\/americana.edu.co\/medellin\/","og_site_name":"Corporaci\u00f3n Universitaria Americana - Medell\u00edn","article_modified_time":"2024-11-08T19:20:08+00:00","twitter_card":"summary_large_image","twitter_misc":{"Tiempo de lectura":"7 minutos"},"schema":{"@context":"https:\/\/schema.org","@graph":[{"@type":"WebPage","@id":"https:\/\/americana.edu.co\/medellin\/","url":"https:\/\/americana.edu.co\/medellin\/","name":"Corporaci\u00f3n Universitaria Americana - Medell\u00edn","isPartOf":{"@id":"https:\/\/americana.edu.co\/medellin\/#website"},"datePublished":"2018-10-09T20:33:09+00:00","dateModified":"2024-11-08T19:20:08+00:00","description":"Programas de pregrado presencial y virtual, posgrados y cursos de educaci\u00f3n continuada, toda una oferta educativa dise\u00f1ada para tu formaci\u00f3n profesional.","breadcrumb":{"@id":"https:\/\/americana.edu.co\/medellin\/#breadcrumb"},"inLanguage":"es","potentialAction":[{"@type":"ReadAction","target":["https:\/\/americana.edu.co\/medellin\/"]}]},{"@type":"BreadcrumbList","@id":"https:\/\/americana.edu.co\/medellin\/#breadcrumb","itemListElement":[{"@type":"ListItem","position":1,"name":"Portada","item":"https:\/\/americana.edu.co\/medellin\/"},{"@type":"ListItem","position":2,"name":"Corporaci\u00f3n Universitaria Americana &#8211; Medell\u00edn"}]},{"@type":"WebSite","@id":"https:\/\/americana.edu.co\/medellin\/#website","url":"https:\/\/americana.edu.co\/medellin\/","name":"Corporaci\u00f3n Universitaria Americana - Medell\u00edn","description":"","publisher":{"@id":"https:\/\/americana.edu.co\/medellin\/#organization"},"potentialAction":[{"@type":"SearchAction","target":{"@type":"EntryPoint","urlTemplate":"https:\/\/americana.edu.co\/medellin\/?s={search_term_string}"},"query-input":"required name=search_term_string"}],"inLanguage":"es"},{"@type":"Organization","@id":"https:\/\/americana.edu.co\/medellin\/#organization","name":"Corporaci\u00f3n Universitaria Americana Barranquilla","url":"https:\/\/americana.edu.co\/medellin\/","logo":{"@type":"ImageObject","inLanguage":"es","@id":"https:\/\/americana.edu.co\/medellin\/#\/schema\/logo\/image\/","url":"https:\/\/americana.edu.co\/medellin\/wp-content\/uploads\/2022\/11\/logo-americana.png","contentUrl":"https:\/\/americana.edu.co\/medellin\/wp-content\/uploads\/2022\/11\/logo-americana.png","width":161,"height":195,"caption":"Corporaci\u00f3n Universitaria Americana Barranquilla"},"image":{"@id":"https:\/\/americana.edu.co\/medellin\/#\/schema\/logo\/image\/"}}]}},"_links":{"self":[{"href":"https:\/\/americana.edu.co\/medellin\/wp-json\/wp\/v2\/pages\/6236"}],"collection":[{"href":"https:\/\/americana.edu.co\/medellin\/wp-json\/wp\/v2\/pages"}],"about":[{"href":"https:\/\/americana.edu.co\/medellin\/wp-json\/wp\/v2\/types\/page"}],"author":[{"embeddable":true,"href":"https:\/\/americana.edu.co\/medellin\/wp-json\/wp\/v2\/users\/5"}],"replies":[{"embeddable":true,"href":"https:\/\/americana.edu.co\/medellin\/wp-json\/wp\/v2\/comments?post=6236"}],"version-history":[{"count":5,"href":"https:\/\/americana.edu.co\/medellin\/wp-json\/wp\/v2\/pages\/6236\/revisions"}],"predecessor-version":[{"id":100704,"href":"https:\/\/americana.edu.co\/medellin\/wp-json\/wp\/v2\/pages\/6236\/revisions\/100704"}],"wp:attachment":[{"href":"https:\/\/americana.edu.co\/medellin\/wp-json\/wp\/v2\/media?parent=6236"}],"curies":[{"name":"wp","href":"https:\/\/api.w.org\/{rel}","templated":true}]}}