{"id":8704,"date":"2024-05-01T19:55:18","date_gmt":"2024-05-01T19:55:18","guid":{"rendered":"https:\/\/americana.edu.co\/medellin\/?page_id=8704"},"modified":"2024-07-04T23:25:05","modified_gmt":"2024-07-04T23:25:05","slug":"educacion-continuada-medellin","status":"publish","type":"page","link":"https:\/\/americana.edu.co\/medellin\/extension\/educacion-continuada-medellin\/","title":{"rendered":"Educaci\u00f3n Continuada"},"content":{"rendered":"","protected":false},"excerpt":{"rendered":"","protected":false},"author":5,"featured_media":0,"parent":7135,"menu_order":0,"comment_status":"closed","ping_status":"closed","template":"","meta":{"om_disable_all_campaigns":false,"footnotes":""},"yoast_head":"<!-- This site is optimized with the Yoast SEO plugin v22.9 - https:\/\/yoast.com\/wordpress\/plugins\/seo\/ -->\n<title>Educaci\u00f3n Continuada &#187; La Americana Medell\u00edn<\/title>\n<meta name=\"description\" content=\"Ofrecemos cursos, diplomados, talleres y seminarios de actualidad. Metodolog\u00eda: Presencial o virtual. Ciudad: Medell\u00edn\" \/>\n<meta name=\"robots\" content=\"index, follow, max-snippet:-1, max-image-preview:large, max-video-preview:-1\" \/>\n<link rel=\"canonical\" href=\"https:\/\/americana.edu.co\/medellin\/extension\/educacion-continuada-medellin\/\" \/>\n<meta property=\"og:locale\" content=\"es_ES\" \/>\n<meta property=\"og:type\" content=\"article\" \/>\n<meta property=\"og:title\" content=\"Educaci\u00f3n Continuada &#187; La Americana Medell\u00edn\" \/>\n<meta property=\"og:description\" content=\"Ofrecemos cursos, diplomados, talleres y seminarios de actualidad. Metodolog\u00eda: Presencial o virtual. Ciudad: Medell\u00edn\" \/>\n<meta property=\"og:url\" content=\"https:\/\/americana.edu.co\/medellin\/extension\/educacion-continuada-medellin\/\" \/>\n<meta property=\"og:site_name\" content=\"Corporaci\u00f3n Universitaria Americana - Medell\u00edn\" \/>\n<meta property=\"article:modified_time\" content=\"2024-07-04T23:25:05+00:00\" \/>\n<meta name=\"twitter:card\" content=\"summary_large_image\" \/>\n<meta name=\"twitter:label1\" content=\"Tiempo de lectura\" \/>\n\t<meta name=\"twitter:data1\" content=\"10 minutos\" \/>\n<script type=\"application\/ld+json\" class=\"yoast-schema-graph\">{\"@context\":\"https:\/\/schema.org\",\"@graph\":[{\"@type\":\"WebPage\",\"@id\":\"https:\/\/americana.edu.co\/medellin\/extension\/educacion-continuada-medellin\/\",\"url\":\"https:\/\/americana.edu.co\/medellin\/extension\/educacion-continuada-medellin\/\",\"name\":\"Educaci\u00f3n Continuada &#187; La Americana Medell\u00edn\",\"isPartOf\":{\"@id\":\"https:\/\/americana.edu.co\/medellin\/#website\"},\"datePublished\":\"2024-05-01T19:55:18+00:00\",\"dateModified\":\"2024-07-04T23:25:05+00:00\",\"description\":\"Ofrecemos cursos, diplomados, talleres y seminarios de actualidad. Metodolog\u00eda: Presencial o virtual. Ciudad: Medell\u00edn\",\"breadcrumb\":{\"@id\":\"https:\/\/americana.edu.co\/medellin\/extension\/educacion-continuada-medellin\/#breadcrumb\"},\"inLanguage\":\"es\",\"potentialAction\":[{\"@type\":\"ReadAction\",\"target\":[\"https:\/\/americana.edu.co\/medellin\/extension\/educacion-continuada-medellin\/\"]}]},{\"@type\":\"BreadcrumbList\",\"@id\":\"https:\/\/americana.edu.co\/medellin\/extension\/educacion-continuada-medellin\/#breadcrumb\",\"itemListElement\":[{\"@type\":\"ListItem\",\"position\":1,\"name\":\"Portada\",\"item\":\"https:\/\/americana.edu.co\/medellin\/\"},{\"@type\":\"ListItem\",\"position\":2,\"name\":\"Extensi\u00f3n\",\"item\":\"https:\/\/americana.edu.co\/medellin\/extension\/\"},{\"@type\":\"ListItem\",\"position\":3,\"name\":\"Educaci\u00f3n Continuada\"}]},{\"@type\":\"WebSite\",\"@id\":\"https:\/\/americana.edu.co\/medellin\/#website\",\"url\":\"https:\/\/americana.edu.co\/medellin\/\",\"name\":\"Corporaci\u00f3n Universitaria Americana - Medell\u00edn\",\"description\":\"\",\"publisher\":{\"@id\":\"https:\/\/americana.edu.co\/medellin\/#organization\"},\"potentialAction\":[{\"@type\":\"SearchAction\",\"target\":{\"@type\":\"EntryPoint\",\"urlTemplate\":\"https:\/\/americana.edu.co\/medellin\/?s={search_term_string}\"},\"query-input\":\"required name=search_term_string\"}],\"inLanguage\":\"es\"},{\"@type\":\"Organization\",\"@id\":\"https:\/\/americana.edu.co\/medellin\/#organization\",\"name\":\"Corporaci\u00f3n Universitaria Americana Barranquilla\",\"url\":\"https:\/\/americana.edu.co\/medellin\/\",\"logo\":{\"@type\":\"ImageObject\",\"inLanguage\":\"es\",\"@id\":\"https:\/\/americana.edu.co\/medellin\/#\/schema\/logo\/image\/\",\"url\":\"https:\/\/americana.edu.co\/medellin\/wp-content\/uploads\/2022\/11\/logo-americana.png\",\"contentUrl\":\"https:\/\/americana.edu.co\/medellin\/wp-content\/uploads\/2022\/11\/logo-americana.png\",\"width\":161,\"height\":195,\"caption\":\"Corporaci\u00f3n Universitaria Americana Barranquilla\"},\"image\":{\"@id\":\"https:\/\/americana.edu.co\/medellin\/#\/schema\/logo\/image\/\"}}]}<\/script>\n<!-- \/ Yoast SEO plugin. -->","yoast_head_json":{"title":"Educaci\u00f3n Continuada &#187; La Americana Medell\u00edn","description":"Ofrecemos cursos, diplomados, talleres y seminarios de actualidad. Metodolog\u00eda: Presencial o virtual. Ciudad: Medell\u00edn","robots":{"index":"index","follow":"follow","max-snippet":"max-snippet:-1","max-image-preview":"max-image-preview:large","max-video-preview":"max-video-preview:-1"},"canonical":"https:\/\/americana.edu.co\/medellin\/extension\/educacion-continuada-medellin\/","og_locale":"es_ES","og_type":"article","og_title":"Educaci\u00f3n Continuada &#187; La Americana Medell\u00edn","og_description":"Ofrecemos cursos, diplomados, talleres y seminarios de actualidad. Metodolog\u00eda: Presencial o virtual. Ciudad: Medell\u00edn","og_url":"https:\/\/americana.edu.co\/medellin\/extension\/educacion-continuada-medellin\/","og_site_name":"Corporaci\u00f3n Universitaria Americana - Medell\u00edn","article_modified_time":"2024-07-04T23:25:05+00:00","twitter_card":"summary_large_image","twitter_misc":{"Tiempo de lectura":"10 minutos"},"schema":{"@context":"https:\/\/schema.org","@graph":[{"@type":"WebPage","@id":"https:\/\/americana.edu.co\/medellin\/extension\/educacion-continuada-medellin\/","url":"https:\/\/americana.edu.co\/medellin\/extension\/educacion-continuada-medellin\/","name":"Educaci\u00f3n Continuada &#187; La Americana Medell\u00edn","isPartOf":{"@id":"https:\/\/americana.edu.co\/medellin\/#website"},"datePublished":"2024-05-01T19:55:18+00:00","dateModified":"2024-07-04T23:25:05+00:00","description":"Ofrecemos cursos, diplomados, talleres y seminarios de actualidad. Metodolog\u00eda: Presencial o virtual. Ciudad: Medell\u00edn","breadcrumb":{"@id":"https:\/\/americana.edu.co\/medellin\/extension\/educacion-continuada-medellin\/#breadcrumb"},"inLanguage":"es","potentialAction":[{"@type":"ReadAction","target":["https:\/\/americana.edu.co\/medellin\/extension\/educacion-continuada-medellin\/"]}]},{"@type":"BreadcrumbList","@id":"https:\/\/americana.edu.co\/medellin\/extension\/educacion-continuada-medellin\/#breadcrumb","itemListElement":[{"@type":"ListItem","position":1,"name":"Portada","item":"https:\/\/americana.edu.co\/medellin\/"},{"@type":"ListItem","position":2,"name":"Extensi\u00f3n","item":"https:\/\/americana.edu.co\/medellin\/extension\/"},{"@type":"ListItem","position":3,"name":"Educaci\u00f3n Continuada"}]},{"@type":"WebSite","@id":"https:\/\/americana.edu.co\/medellin\/#website","url":"https:\/\/americana.edu.co\/medellin\/","name":"Corporaci\u00f3n Universitaria Americana - Medell\u00edn","description":"","publisher":{"@id":"https:\/\/americana.edu.co\/medellin\/#organization"},"potentialAction":[{"@type":"SearchAction","target":{"@type":"EntryPoint","urlTemplate":"https:\/\/americana.edu.co\/medellin\/?s={search_term_string}"},"query-input":"required name=search_term_string"}],"inLanguage":"es"},{"@type":"Organization","@id":"https:\/\/americana.edu.co\/medellin\/#organization","name":"Corporaci\u00f3n Universitaria Americana Barranquilla","url":"https:\/\/americana.edu.co\/medellin\/","logo":{"@type":"ImageObject","inLanguage":"es","@id":"https:\/\/americana.edu.co\/medellin\/#\/schema\/logo\/image\/","url":"https:\/\/americana.edu.co\/medellin\/wp-content\/uploads\/2022\/11\/logo-americana.png","contentUrl":"https:\/\/americana.edu.co\/medellin\/wp-content\/uploads\/2022\/11\/logo-americana.png","width":161,"height":195,"caption":"Corporaci\u00f3n Universitaria Americana Barranquilla"},"image":{"@id":"https:\/\/americana.edu.co\/medellin\/#\/schema\/logo\/image\/"}}]}},"_links":{"self":[{"href":"https:\/\/americana.edu.co\/medellin\/wp-json\/wp\/v2\/pages\/8704"}],"collection":[{"href":"https:\/\/americana.edu.co\/medellin\/wp-json\/wp\/v2\/pages"}],"about":[{"href":"https:\/\/americana.edu.co\/medellin\/wp-json\/wp\/v2\/types\/page"}],"author":[{"embeddable":true,"href":"https:\/\/americana.edu.co\/medellin\/wp-json\/wp\/v2\/users\/5"}],"replies":[{"embeddable":true,"href":"https:\/\/americana.edu.co\/medellin\/wp-json\/wp\/v2\/comments?post=8704"}],"version-history":[{"count":6,"href":"https:\/\/americana.edu.co\/medellin\/wp-json\/wp\/v2\/pages\/8704\/revisions"}],"predecessor-version":[{"id":100326,"href":"https:\/\/americana.edu.co\/medellin\/wp-json\/wp\/v2\/pages\/8704\/revisions\/100326"}],"up":[{"embeddable":true,"href":"https:\/\/americana.edu.co\/medellin\/wp-json\/wp\/v2\/pages\/7135"}],"wp:attachment":[{"href":"https:\/\/americana.edu.co\/medellin\/wp-json\/wp\/v2\/media?parent=8704"}],"curies":[{"name":"wp","href":"https:\/\/api.w.org\/{rel}","templated":true}]}}