{"id":93292,"date":"2021-01-23T16:12:51","date_gmt":"2021-01-23T16:12:51","guid":{"rendered":"https:\/\/americana.edu.co\/medellin\/?page_id=93292"},"modified":"2024-08-02T15:19:01","modified_gmt":"2024-08-02T15:19:01","slug":"psicologia","status":"publish","type":"page","link":"https:\/\/americana.edu.co\/medellin\/psicologia\/","title":{"rendered":"Psicolog\u00eda"},"content":{"rendered":"<p><!-- Note :\n   - You can modify the font style and form style to suit your website. \n   - Code lines with comments Do not remove this code are required for the form to work properly, make sure that you do not remove these lines of code. \n   - The Mandatory check script can modified as to suit your business needs. \n   - It is important that you test the modified form before going live.--><\/p>\n<div id='crmWebToEntityForm' class='zcwf_lblLeft crmWebToEntityForm' style='background-color: white;color: black;max-width: 600px;'>\n  <meta name='viewport' content='width=device-width, initial-scale=1.0'><br \/>\n   <META HTTP-EQUIV ='content-type' CONTENT='text\/html;charset=UTF-8'><\/p>\n<form id='webform1637886000094676130' action='https:\/\/crm.zoho.com\/crm\/WebToLeadForm' name=WebToLeads1637886000094676130 method='POST' onSubmit='javascript:document.charset=\"UTF-8\"; return checkMandatory1637886000094676130()' accept-charset='UTF-8'>\n <input type='text' style='display:none;' name='xnQsjsdp' value='cabe5d6c185e8377056aea02d075325e849e80f1df9de8123f1ede16cc615aec'><\/input><br \/>\n <input type='hidden' name='zc_gad' id='zc_gad' value=''><\/input><br \/>\n <input type='text' style='display:none;' name='xmIwtLD' value='9134177e8ff167b1d3c0cf11c25a5f6c3ac5ddbdd0597f4b40012b55748d9db7950535884499a5332e82ccb9383135fd'><\/input><br \/>\n <input type='text'  style='display:none;' name='actionType' value='TGVhZHM='><\/input><br \/>\n <input type='text' style='display:none;' name='returnURL' value='https&#x3a;&#x2f;&#x2f;americana.edu.co&#x2f;medellin&#x2f;' > <\/input><br \/>\n\t <!-- Do not remove this code. --><\/p>\n<style>\nhtml,body{\n\tmargin: 0px;\n}\n#crmWebToEntityForm.zcwf_lblLeft {\n\twidth:100%;\n\tpadding: 25px;\n\tmargin: 0 auto;\n\tbox-sizing: border-box;\n}\n#crmWebToEntityForm.zcwf_lblLeft * {\n\tbox-sizing: border-box;\n}\n#crmWebToEntityForm{text-align: left;}\n#crmWebToEntityForm * {\n\tdirection: ltr;\n}\n.zcwf_lblLeft .zcwf_title {\n\tword-wrap: break-word;\n\tpadding: 0px 6px 10px;\n\tfont-weight:bold }.zcwf_lblLeft.cpT_primaryBtn:hover{\n\tbackground: linear-gradient(#02acff 0,#006be4 100%) no-repeat padding-box !important;\n\tbox-shadow: 0 -2px 0 0 #0159b9 inset !important;\n\tborder: 0 !important;\n\tcolor: #fff !important;\n\toutline: 0 !important;\n}.zcwf_lblLeft .zcwf_col_fld input[type=text], input[type=password], .zcwf_lblLeft .zcwf_col_fld textarea {\n\twidth: 60%;\n\tborder: 1px solid #c0c6cc !important;\n\tresize: vertical;\n\tborder-radius: 2px;\n\tfloat: left;\n}\n.zcwf_lblLeft .zcwf_col_lab {\n\twidth: 30%;\n\tword-break: break-word;\n\tpadding: 0px 6px 0px;\n\tmargin-right: 10px;\n\tmargin-top: 5px;\n\tfloat: left;\n\tmin-height: 1px;\n}\n.zcwf_lblLeft .zcwf_col_fld {\n\tfloat: left;\n\twidth: 68%;\n\tpadding: 0px 6px 0px;\n\tposition: relative;\n\tmargin-top: 5px;\n}\n.zcwf_lblLeft .zcwf_privacy{padding: 6px;}\n.zcwf_lblLeft .wfrm_fld_dpNn{display: none;}\n.dIB{display: inline-block;}\n.zcwf_lblLeft .zcwf_col_fld_slt {\n\twidth: 60%;\n\tborder: 1px solid #ccc;\n\tbackground: #fff;\n\tborder-radius: 4px;\n\tfont-size: 12px;\n\tfloat: left;\n\tresize: vertical;\n\tpadding: 2px 5px;\n}\n.zcwf_lblLeft .zcwf_row:after, .zcwf_lblLeft .zcwf_col_fld:after {\n\tcontent: '';\n\tdisplay: table;\n\tclear: both;\n}\n.zcwf_lblLeft .zcwf_col_help {\n\tfloat: left;\n\tmargin-left: 7px;\n\tfont-size: 12px;\n\tmax-width: 35%;\n\tword-break: break-word;\n}\n.zcwf_lblLeft .zcwf_help_icon {\n\tcursor: pointer;\n\twidth: 16px;\n\theight: 16px;\n\tdisplay: inline-block;\n\tbackground: #fff;\n\tborder: 1px solid #c0c6cc;\n\tcolor: #c1c1c1;\n\ttext-align: center;\n\tfont-size: 11px;\n\tline-height: 16px;\n\tfont-weight: bold;\n\tborder-radius: 50%;\n}\n.zcwf_lblLeft .zcwf_row {margin: 15px 0px;}\n.zcwf_lblLeft .formsubmit {\n\tmargin-right: 5px;\n\tcursor: pointer;\n\tcolor: var(--baseColor);\n\tfont-size: 12px;\n}\n.zcwf_lblLeft .zcwf_privacy_txt {\n\twidth: 90%;\n\tcolor: rgb(0, 0, 0);\n\tfont-size: 12px;\n\tfont-family: Arial;\n\tdisplay: inline-block;\n\tvertical-align: top;\n\tcolor: var(--baseColor);\n\tpadding-top: 2px;\n\tmargin-left: 6px;\n}\n.zcwf_lblLeft .zcwf_button {\n\tfont-size: 12px;\n\tcolor: var(--baseColor);\n\tborder: 1px solid #c0c6cc;\n\tpadding: 3px 9px;\n\tborder-radius: 4px;\n\tcursor: pointer;\n\tmax-width: 120px;\n\toverflow: hidden;\n\ttext-overflow: ellipsis;\n\twhite-space: nowrap;\n}\n.zcwf_lblLeft .zcwf_tooltip_over{\n\tposition: relative;\n}\n.zcwf_lblLeft .zcwf_tooltip_ctn{\n\tposition: absolute;\n\tbackground: #dedede;\n\tpadding: 3px 6px;\n\ttop: 3px;\n\tborder-radius: 4px;word-break: break-word;\n\tmin-width: 100px;\n\tmax-width: 150px;\n\tcolor: var(--baseColor);\n\tz-index: 100;\n}\n.zcwf_lblLeft .zcwf_ckbox{\n\tfloat: left;\n}\n.zcwf_lblLeft .zcwf_file{\n\twidth: 55%;\n\tbox-sizing: border-box;\n\tfloat: left;\n}\n.clearB:after{\n\tcontent:'';\n\tdisplay: block;\n\tclear: both;\n}\n@media all and (max-width: 600px) {\n\t.zcwf_lblLeft .zcwf_col_lab, .zcwf_lblLeft .zcwf_col_fld {\n\t\twidth: auto;\n\t\tfloat: none !important;\n\t}\n\t.zcwf_lblLeft .zcwf_col_help {width: 40%;}\n}\n<\/style>\n<div class='zcwf_title' style='max-width: 600px;color: black; font-family:Arial;'>&iexcl;Recibe m&aacute;s informaci&oacute;n&#x21;<\/div>\n<div class='zcwf_row'>\n<div class='zcwf_col_lab' style='font-size:12px; font-family: Arial;'><label for='Last_Name'>Nombres y Apellidos<span style='color:red;'>*<\/span><\/label><\/div>\n<div class='zcwf_col_fld'><input type='text' id='Last_Name' name='Last Name' maxlength='80'><\/input><\/p>\n<div class='zcwf_col_help'><\/div>\n<\/div>\n<\/div>\n<div class='zcwf_row'>\n<div class='zcwf_col_lab' style='font-size:12px; font-family: Arial;'><label for='Email'>Correo electr\u00f3nico<span style='color:red;'>*<\/span><\/label><\/div>\n<div class='zcwf_col_fld'><input type='text' ftype='email' autocomplete='false' id='Email' name='Email' crmlabel='' maxlength='100'><\/input><\/p>\n<div class='zcwf_col_help'><\/div>\n<\/div>\n<\/div>\n<div class='zcwf_row'>\n<div class='zcwf_col_lab' style='font-size:12px; font-family: Arial;'><label for='LEADCF47'>Celular<span style='color:red;'>*<\/span><\/label><\/div>\n<div class='zcwf_col_fld'><input type='text' id='LEADCF47' name='LEADCF47' maxlength='30'><\/input><\/p>\n<div class='zcwf_col_help'><\/div>\n<\/div>\n<\/div>\n<div class='zcwf_row'>\n<div class='zcwf_col_lab' style='font-size:12px; font-family: Arial;'><label for='LEADCF35'>Interesado en estudiar<span style='color:red;'>*<\/span><\/label><\/div>\n<div class='zcwf_col_fld'><select class='zcwf_col_fld_slt' id='LEADCF35' name='LEADCF35'  ><option value='-None-'>-None-<\/option><option value='T&eacute;cnica&#x20;Profesional&#x20;En&#x20;Manejo&#x20;Agroindustrial'>T&eacute;cnica Profesional En Manejo Agroindustrial<\/option><option value='T&eacute;cnica&#x20;Profesional&#x20;en&#x20;Procesos&#x20;Log&iacute;sticos&#x20;y&#x20;de&#x20;Comercio&#x20;Exterior'>T&eacute;cnica Profesional en Procesos Log&iacute;sticos y de Comercio Exterior<\/option><option value='Tecnolog&iacute;a&#x20;en&#x20;Gesti&oacute;n&#x20;Log&iacute;stica&#x20;y&#x20;Comercio&#x20;Internacional'>Tecnolog&iacute;a en Gesti&oacute;n Log&iacute;stica y Comercio Internacional<\/option><option value='T&eacute;cnica&#x20;Profesional&#x20;en&#x20;Procesos&#x20;Contables'>T&eacute;cnica Profesional en Procesos Contables<\/option><option value='Tecnolog&iacute;a&#x20;en&#x20;gesti&oacute;n&#x20;Contable'>Tecnolog&iacute;a en gesti&oacute;n Contable<\/option><option value='T&eacute;cnica&#x20;Profesional&#x20;en&#x20;Procesos&#x20;Tur&iacute;sticos&#x20;y&#x20;Hoteleros'>T&eacute;cnica Profesional en Procesos Tur&iacute;sticos y Hoteleros<\/option><option value='Tecnolog&iacute;a&#x20;en&#x20;Gesti&oacute;n&#x20;de&#x20;Turismo&#x20;y&#x20;Hoteles.'>Tecnolog&iacute;a en Gesti&oacute;n de Turismo y Hoteles.<\/option><option value='Administraci&oacute;n&#x20;P&uacute;blica&#x20;a&#x20;Distancia'>Administraci&oacute;n P&uacute;blica a Distancia<\/option><option value='Administraci&oacute;n&#x20;P&uacute;blica&#x20;Virtual'>Administraci&oacute;n P&uacute;blica Virtual<\/option><option value='Administraci&oacute;n&#x20;de&#x20;Empresas&#x20;Presencial'>Administraci&oacute;n de Empresas Presencial<\/option><option value='Administraci&oacute;n&#x20;de&#x20;Empresas&#x20;Virtual'>Administraci&oacute;n de Empresas Virtual<\/option><option value='Administraci&oacute;n&#x20;Tur&iacute;stica&#x20;y&#x20;Hotelera&#x20;Presencial'>Administraci&oacute;n Tur&iacute;stica y Hotelera Presencial<\/option><option value='Comunicaciones&#x20;y&#x20;marketing&#x20;a&#x20;Distancia'>Comunicaciones y marketing a Distancia<\/option><option value='Contadur&iacute;a&#x20;P&uacute;blica&#x20;Presencial'>Contadur&iacute;a P&uacute;blica Presencial<\/option><option value='Contadur&iacute;a&#x20;P&uacute;blica&#x20;Virtual'>Contadur&iacute;a P&uacute;blica Virtual<\/option><option value='Derecho&#x20;Presencial'>Derecho Presencial<\/option><option value='Ingenier&iacute;a&#x20;en&#x20;Sistemas&#x20;Presencial'>Ingenier&iacute;a en Sistemas Presencial<\/option><option value='Ingenier&iacute;a&#x20;Industrial&#x20;Virtual'>Ingenier&iacute;a Industrial Virtual<\/option><option value='Ingenier&iacute;a&#x20;Industrial&#x20;Presencial'>Ingenier&iacute;a Industrial Presencial<\/option><option value='Licenciatura&#x20;en&#x20;Pedagog&iacute;a&#x20;en&#x20;la&#x20;Primera&#x20;Infancia&#x20;Presencial'>Licenciatura en Pedagog&iacute;a en la Primera Infancia Presencial<\/option><option value='Negocios&#x20;Internacionales&#x20;Presencial'>Negocios Internacionales Presencial<\/option><option value='Negocios&#x20;Internacionales&#x20;Virtual'>Negocios Internacionales Virtual<\/option><option value='Psicolog&iacute;a&#x20;Presencial'>Psicolog&iacute;a Presencial<\/option><option value='Especializaci&oacute;n&#x20;en&#x20;Derecho&#x20;Penal'>Especializaci&oacute;n en Derecho Penal<\/option><option value='Especializaci&oacute;n&#x20;en&#x20;Gerencia&#x20;de&#x20;Proyectos'>Especializaci&oacute;n en Gerencia de Proyectos<\/option><option value='Especializaci&oacute;n&#x20;en&#x20;Gerencia&#x20;de&#x20;Talento&#x20;Humano'>Especializaci&oacute;n en Gerencia de Talento Humano<\/option><option value='Especializaci&oacute;n&#x20;en&#x20;Gerencia&#x20;en&#x20;Derecho&#x20;Administrativo'>Especializaci&oacute;n en Gerencia en Derecho Administrativo<\/option><option value='Especializaci&oacute;n&#x20;en&#x20;Gerencia&#x20;Tributaria'>Especializaci&oacute;n en Gerencia Tributaria<\/option><option value='Especializaci&oacute;n&#x20;en&#x20;Gerencia&#x20;Tributar&iacute;a&#x20;Virtual'>Especializaci&oacute;n en Gerencia Tributar&iacute;a Virtual<\/option><option value='Especializaci&oacute;n&#x20;en&#x20;Derecho&#x20;Laboral&#x20;Virtual'>Especializaci&oacute;n en Derecho Laboral Virtual<\/option><option value='Especializaci&oacute;n&#x20;en&#x20;Gerencia&#x20;de&#x20;Proyectos&#x20;Virtual'>Especializaci&oacute;n en Gerencia de Proyectos Virtual<\/option><option value='Especializaci&oacute;n&#x20;en&#x20;Innovaci&oacute;n&#x20;Educativa&#x20;y&#x20;TIC&#x20;Virtual'>Especializaci&oacute;n en Innovaci&oacute;n Educativa y TIC Virtual<\/option><option value='Especializaci&oacute;n&#x20;en&#x20;Seguridad&#x20;Inform&aacute;tica&#x20;Presencial'>Especializaci&oacute;n en Seguridad Inform&aacute;tica Presencial<\/option><option value='Especializaci&oacute;n&#x20;en&#x20;Contabilidad&#x20;Internacional&#x20;Virtual'>Especializaci&oacute;n en Contabilidad Internacional Virtual<\/option><option value='Maestr&iacute;a&#x20;en&#x20;Administraci&oacute;n&#x20;-&#x20;MBA&#x20;Presencial'>Maestr&iacute;a en Administraci&oacute;n &#8211; MBA Presencial<\/option><option value='Maestr&iacute;a&#x20;en&#x20;Administraci&oacute;n&#x20;-&#x20;MBA&#x20;Virtual'>Maestr&iacute;a en Administraci&oacute;n &#8211; MBA Virtual<\/option><option value='Informaci&oacute;n&#x20;General'>Informaci&oacute;n General<\/option><option value='Reconocimiento&#x20;de&#x20;saberes'>Reconocimiento de saberes<\/option><option value='Curso&#x20;de&#x20;Docencia&#x20;Universitaria'>Curso de Docencia Universitaria<\/option><\/select><\/p>\n<div class='zcwf_col_help'><\/div>\n<\/div>\n<\/div>\n<div class='zcwf_row'>\n<div class='zcwf_col_lab' style='font-size:12px; font-family: Arial;'><label for='LEADCF41'>\u00bfPor qu\u00e9 medio te enteraste?<span style='color:red;'>*<\/span><\/label><\/div>\n<div class='zcwf_col_fld'><select class='zcwf_col_fld_slt' id='LEADCF41' name='LEADCF41'  ><option value='-None-'>-None-<\/option><option value='Sitio&#x20;Web'>Sitio Web<\/option><option value='Redes&#x20;Sociales'>Redes Sociales<\/option><option value='Directorio'>Feria educativa<\/option><option value='Referido'>Referido<\/option><option value='Valla'>Prensa<\/option><option value='Radio'>Radio<\/option><option value='Televisi&oacute;n'>Televisi&oacute;n<\/option><option value='Volante'>Volante<\/option><option value='Emagister'>Emagister<\/option><option value='Cursoso&#x20;y&#x20;carreras'>Cursos y carreras<\/option><option value='Educaedu'>Educaedu<\/option><option value='Censa'>Convenios<\/option><option value='WhatsApp'>WhatsApp<\/option><option value='Atenci&oacute;n&#x20;Presencial'>Atenci&oacute;n Presencial<\/option><option value='Llamada&#x20;entrante'>Llamada entrante<\/option><\/select><\/p>\n<div class='zcwf_col_help'><\/div>\n<\/div>\n<\/div>\n<div class='zcwf_row'>\n<div class='zcwf_col_lab' style='font-size:12px; font-family: Arial;'><label for='LEADCF104'>Aceptaci\u00f3n de t\u00e9rminos.<span style='color:red;'>*<\/span><\/label><\/div>\n<div class='zcwf_col_fld'><input type='checkbox' class='zcwf_ckbox' checked='true' id='LEADCF104' name='LEADCF104' maxlength='3'><\/input><\/p>\n<div class='zcwf_col_help'><\/div>\n<\/div>\n<\/div>\n<div class='zcwf_row'>\n<div class='zcwf_col_lab'><\/div>\n<div class='zcwf_col_fld'><input type='submit' id='formsubmit' class='formsubmit zcwf_button' value='Enviar' title='Enviar'><input type='reset' class='zcwf_button' name='reset' value='Restablecer' title='Restablecer'><\/div>\n<\/div>\n<p>\t<script>\n\tfunction validateEmail1637886000094676130()\n\t{\n\t\tvar form = document.forms['WebToLeads1637886000094676130'];\n\t\tvar emailFld = form.querySelectorAll('[ftype=email]');\n\t\tvar i;\n\t\tfor (i = 0; i < emailFld.length; i++)\n\t\t{\n\t\t\tvar emailVal = emailFld[i].value;\n\t\t\tif((emailVal.replace(\/^\\s+|\\s+$\/g, '')).length!=0 )\n\t\t\t{\n\t\t\t\tvar atpos=emailVal.indexOf('@');\n\t\t\t\tvar dotpos=emailVal.lastIndexOf('.');\n\t\t\t\tif (atpos<1 || dotpos<atpos+2 || dotpos+2>=emailVal.length)\n\t\t\t\t{\n\t\t\t\t\talert('Introduzca una direcci\u00f3n de correo electr\u00f3nico v\u00e1lida. ');\n\t\t\t\t\temailFld[i].focus();\n\t\t\t\t\treturn false;\n\t\t\t\t}\n\t\t\t}\n\t\t}\n\t\treturn true;\n\t}<\/p>\n<p>\tfunction checkMandatory1637886000094676130() {\n\t\tvar mndFileds = new Array('Last Name','Email','LEADCF41','LEADCF47','LEADCF104','LEADCF35');\n\t\tvar fldLangVal = new Array('Nombres\\x20y\\x20Apellidos','Correo\\x20electr\\xF3nico','\\xBFPor\\x20qu\\xE9\\x20medio\\x20te\\x20enteraste\\x3F','Celular','Aceptaci\\xF3n\\x20de\\x20t\\xE9rminos.','Interesado\\x20en\\x20estudiar');\n\t\tfor(i=0;i<mndFileds.length;i++) {\n\t\t  var fieldObj=document.forms['WebToLeads1637886000094676130'][mndFileds[i]];\n\t\t  if(fieldObj) {\n\t\t\tif (((fieldObj.value).replace(\/^\\s+|\\s+$\/g, '')).length==0) {\n\t\t\t if(fieldObj.type =='file')\n\t\t\t\t{ \n\t\t\t\t alert('Seleccione un archivo para cargar.'); \n\t\t\t\t fieldObj.focus(); \n\t\t\t\t return false;\n\t\t\t\t} \n\t\t\talert(fldLangVal[i] +' no puede estar vac\u00edo.'); \n   \t   \t  \t  fieldObj.focus();\n   \t   \t  \t  return false;\n\t\t\t}  else if(fieldObj.nodeName=='SELECT') {\n  \t   \t   \t if(fieldObj.options[fieldObj.selectedIndex].value=='-None-') {\n\t\t\t\talert(fldLangVal[i] +' no puede ser nulo.'); \n\t\t\t\tfieldObj.focus();\n\t\t\t\treturn false;\n\t\t\t   }\n\t\t\t} else if(fieldObj.type =='checkbox'){\n \t \t \t if(fieldObj.checked == false){\n\t\t\t\talert('Please accept  '+fldLangVal[i]);\n\t\t\t\tfieldObj.focus();\n\t\t\t\treturn false;\n\t\t\t   } \n\t\t\t } \n\t\t\t try {\n\t\t\t     if(fieldObj.name == 'Last Name') {\n\t\t\t\tname = fieldObj.value;\n \t \t \t    }\n\t\t\t} catch (e) {}\n\t\t    }\n\t\t}\n\t\tif(!validateEmail1637886000094676130()){return false;}\n\t\t\n\tvar urlparams = new URLSearchParams( window.location.search);\n\tif(urlparams.has('service') &#038;&#038; (urlparams.get('service')==='smarturl')){\n\t\tvar webform = document.getElementById('webform1637886000094676130');\n\t\t var service =  urlparams.get('service'); \n\t\tvar smarturlfield = document.createElement('input');\n\t\tsmarturlfield.setAttribute('type','hidden');\n\t\tsmarturlfield.setAttribute('value',service);\n\t\tsmarturlfield.setAttribute('name','service');\n\t\twebform.appendChild(smarturlfield); \n\t}\n\n\t\tdocument.querySelector('.crmWebToEntityForm .formsubmit').setAttribute('disabled', true);\n\t}\n\nfunction tooltipShow1637886000094676130(el){\n\tvar tooltip = el.nextElementSibling;\n\tvar tooltipDisplay = tooltip.style.display;\n\tif(tooltipDisplay == 'none'){\n\t\tvar allTooltip = document.getElementsByClassName('zcwf_tooltip_over');\n\t\tfor(i=0; i<allTooltip.length; i++){\n\t\t\tallTooltip[i].style.display='none';\n\t\t}\n\t\ttooltip.style.display = 'block';\n\t}else{\n\t\ttooltip.style.display='none';\n\t}\n}\n<\/script><br \/>\n\t<!-- Do not remove this --- Analytics Tracking code starts --><script id='wf_anal' src='https:\/\/crm.zohopublic.com\/crm\/WebFormAnalyticsServeServlet?rid=92f6252332a54fd5d52f4cd48900e79ca4effed292716ab73a98df71a37402bbbcf971f448cf8b69bb7597fca704c860gidd5436fa9c9221fef3573ab29330c16f8c386f1c23046f888ec4fa6acb425b8e7gidaa623a51fe3da55526f11261319fc68af08a51f8ca9d5d4814535775a8a634c3gidf389d5ffb7aeed7f673e912979ac480a0ea030d076dac14aec595b8e686bf6d4&#038;tw=6d2044847a6ac6aa0513c832e2cfc421f0223fbf454341f9524b38ddd9553d7d'><\/script><!-- Do not remove this --- Analytics Tracking code ends. --><\/form>\n<\/div>\n","protected":false},"excerpt":{"rendered":"<p>&iexcl;Recibe m&aacute;s informaci&oacute;n&#x21; Nombres y Apellidos* Correo electr\u00f3nico* Celular* Interesado en estudiar* -None-T&eacute;cnica Profesional En Manejo AgroindustrialT&eacute;cnica Profesional en Procesos Log&iacute;sticos y de Comercio ExteriorTecnolog&iacute;a en Gesti&oacute;n Log&iacute;stica y Comercio InternacionalT&eacute;cnica Profesional en Procesos ContablesTecnolog&iacute;a en gesti&oacute;n ContableT&eacute;cnica Profesional en Procesos Tur&iacute;sticos y HotelerosTecnolog&iacute;a en Gesti&oacute;n de Turismo y Hoteles.Administraci&oacute;n P&uacute;blica a DistanciaAdministraci&oacute;n P&uacute;blica VirtualAdministraci&oacute;n [&hellip;]<\/p>\n","protected":false},"author":5,"featured_media":0,"parent":0,"menu_order":0,"comment_status":"closed","ping_status":"closed","template":"","meta":{"om_disable_all_campaigns":false,"footnotes":""},"yoast_head":"<!-- This site is optimized with the Yoast SEO plugin v22.9 - https:\/\/yoast.com\/wordpress\/plugins\/seo\/ -->\n<title>\u25b7 Carrera de Psicolog\u00eda \u00bb La Americana Medell\u00edn<\/title>\n<meta name=\"description\" content=\"Ven a estudiar Psicolog\u00eda, Duraci\u00f3n: 9 semestres, Metodolog\u00eda Presencial, Ciudad: Medell\u00edn, Recibe t\u00edtulo de Psic\u00f3logo.\" \/>\n<meta name=\"robots\" content=\"index, follow, max-snippet:-1, max-image-preview:large, max-video-preview:-1\" \/>\n<link rel=\"canonical\" href=\"https:\/\/americana.edu.co\/medellin\/psicologia\/\" \/>\n<meta property=\"og:locale\" content=\"es_ES\" \/>\n<meta property=\"og:type\" content=\"article\" \/>\n<meta property=\"og:title\" content=\"\u25b7 Carrera de Psicolog\u00eda \u00bb La Americana Medell\u00edn\" \/>\n<meta property=\"og:description\" content=\"Ven a estudiar Psicolog\u00eda, Duraci\u00f3n: 9 semestres, Metodolog\u00eda Presencial, Ciudad: Medell\u00edn, Recibe t\u00edtulo de Psic\u00f3logo.\" \/>\n<meta property=\"og:url\" content=\"https:\/\/americana.edu.co\/medellin\/psicologia\/\" \/>\n<meta property=\"og:site_name\" content=\"Corporaci\u00f3n Universitaria Americana - Medell\u00edn\" \/>\n<meta property=\"article:modified_time\" content=\"2024-08-02T15:19:01+00:00\" \/>\n<meta name=\"twitter:card\" content=\"summary_large_image\" \/>\n<meta name=\"twitter:label1\" content=\"Tiempo de lectura\" \/>\n\t<meta name=\"twitter:data1\" content=\"6 minutos\" \/>\n<script type=\"application\/ld+json\" class=\"yoast-schema-graph\">{\"@context\":\"https:\/\/schema.org\",\"@graph\":[{\"@type\":\"WebPage\",\"@id\":\"https:\/\/americana.edu.co\/medellin\/psicologia\/\",\"url\":\"https:\/\/americana.edu.co\/medellin\/psicologia\/\",\"name\":\"\u25b7 Carrera de Psicolog\u00eda \u00bb La Americana Medell\u00edn\",\"isPartOf\":{\"@id\":\"https:\/\/americana.edu.co\/medellin\/#website\"},\"datePublished\":\"2021-01-23T16:12:51+00:00\",\"dateModified\":\"2024-08-02T15:19:01+00:00\",\"description\":\"Ven a estudiar Psicolog\u00eda, Duraci\u00f3n: 9 semestres, Metodolog\u00eda Presencial, Ciudad: Medell\u00edn, Recibe t\u00edtulo de Psic\u00f3logo.\",\"breadcrumb\":{\"@id\":\"https:\/\/americana.edu.co\/medellin\/psicologia\/#breadcrumb\"},\"inLanguage\":\"es\",\"potentialAction\":[{\"@type\":\"ReadAction\",\"target\":[\"https:\/\/americana.edu.co\/medellin\/psicologia\/\"]}]},{\"@type\":\"BreadcrumbList\",\"@id\":\"https:\/\/americana.edu.co\/medellin\/psicologia\/#breadcrumb\",\"itemListElement\":[{\"@type\":\"ListItem\",\"position\":1,\"name\":\"Portada\",\"item\":\"https:\/\/americana.edu.co\/medellin\/\"},{\"@type\":\"ListItem\",\"position\":2,\"name\":\"Psicolog\u00eda\"}]},{\"@type\":\"WebSite\",\"@id\":\"https:\/\/americana.edu.co\/medellin\/#website\",\"url\":\"https:\/\/americana.edu.co\/medellin\/\",\"name\":\"Corporaci\u00f3n Universitaria Americana - Medell\u00edn\",\"description\":\"\",\"publisher\":{\"@id\":\"https:\/\/americana.edu.co\/medellin\/#organization\"},\"potentialAction\":[{\"@type\":\"SearchAction\",\"target\":{\"@type\":\"EntryPoint\",\"urlTemplate\":\"https:\/\/americana.edu.co\/medellin\/?s={search_term_string}\"},\"query-input\":\"required name=search_term_string\"}],\"inLanguage\":\"es\"},{\"@type\":\"Organization\",\"@id\":\"https:\/\/americana.edu.co\/medellin\/#organization\",\"name\":\"Corporaci\u00f3n Universitaria Americana Barranquilla\",\"url\":\"https:\/\/americana.edu.co\/medellin\/\",\"logo\":{\"@type\":\"ImageObject\",\"inLanguage\":\"es\",\"@id\":\"https:\/\/americana.edu.co\/medellin\/#\/schema\/logo\/image\/\",\"url\":\"https:\/\/americana.edu.co\/medellin\/wp-content\/uploads\/2022\/11\/logo-americana.png\",\"contentUrl\":\"https:\/\/americana.edu.co\/medellin\/wp-content\/uploads\/2022\/11\/logo-americana.png\",\"width\":161,\"height\":195,\"caption\":\"Corporaci\u00f3n Universitaria Americana Barranquilla\"},\"image\":{\"@id\":\"https:\/\/americana.edu.co\/medellin\/#\/schema\/logo\/image\/\"}}]}<\/script>\n<!-- \/ Yoast SEO plugin. -->","yoast_head_json":{"title":"\u25b7 Carrera de Psicolog\u00eda \u00bb La Americana Medell\u00edn","description":"Ven a estudiar Psicolog\u00eda, Duraci\u00f3n: 9 semestres, Metodolog\u00eda Presencial, Ciudad: Medell\u00edn, Recibe t\u00edtulo de Psic\u00f3logo.","robots":{"index":"index","follow":"follow","max-snippet":"max-snippet:-1","max-image-preview":"max-image-preview:large","max-video-preview":"max-video-preview:-1"},"canonical":"https:\/\/americana.edu.co\/medellin\/psicologia\/","og_locale":"es_ES","og_type":"article","og_title":"\u25b7 Carrera de Psicolog\u00eda \u00bb La Americana Medell\u00edn","og_description":"Ven a estudiar Psicolog\u00eda, Duraci\u00f3n: 9 semestres, Metodolog\u00eda Presencial, Ciudad: Medell\u00edn, Recibe t\u00edtulo de Psic\u00f3logo.","og_url":"https:\/\/americana.edu.co\/medellin\/psicologia\/","og_site_name":"Corporaci\u00f3n Universitaria Americana - Medell\u00edn","article_modified_time":"2024-08-02T15:19:01+00:00","twitter_card":"summary_large_image","twitter_misc":{"Tiempo de lectura":"6 minutos"},"schema":{"@context":"https:\/\/schema.org","@graph":[{"@type":"WebPage","@id":"https:\/\/americana.edu.co\/medellin\/psicologia\/","url":"https:\/\/americana.edu.co\/medellin\/psicologia\/","name":"\u25b7 Carrera de Psicolog\u00eda \u00bb La Americana Medell\u00edn","isPartOf":{"@id":"https:\/\/americana.edu.co\/medellin\/#website"},"datePublished":"2021-01-23T16:12:51+00:00","dateModified":"2024-08-02T15:19:01+00:00","description":"Ven a estudiar Psicolog\u00eda, Duraci\u00f3n: 9 semestres, Metodolog\u00eda Presencial, Ciudad: Medell\u00edn, Recibe t\u00edtulo de Psic\u00f3logo.","breadcrumb":{"@id":"https:\/\/americana.edu.co\/medellin\/psicologia\/#breadcrumb"},"inLanguage":"es","potentialAction":[{"@type":"ReadAction","target":["https:\/\/americana.edu.co\/medellin\/psicologia\/"]}]},{"@type":"BreadcrumbList","@id":"https:\/\/americana.edu.co\/medellin\/psicologia\/#breadcrumb","itemListElement":[{"@type":"ListItem","position":1,"name":"Portada","item":"https:\/\/americana.edu.co\/medellin\/"},{"@type":"ListItem","position":2,"name":"Psicolog\u00eda"}]},{"@type":"WebSite","@id":"https:\/\/americana.edu.co\/medellin\/#website","url":"https:\/\/americana.edu.co\/medellin\/","name":"Corporaci\u00f3n Universitaria Americana - Medell\u00edn","description":"","publisher":{"@id":"https:\/\/americana.edu.co\/medellin\/#organization"},"potentialAction":[{"@type":"SearchAction","target":{"@type":"EntryPoint","urlTemplate":"https:\/\/americana.edu.co\/medellin\/?s={search_term_string}"},"query-input":"required name=search_term_string"}],"inLanguage":"es"},{"@type":"Organization","@id":"https:\/\/americana.edu.co\/medellin\/#organization","name":"Corporaci\u00f3n Universitaria Americana Barranquilla","url":"https:\/\/americana.edu.co\/medellin\/","logo":{"@type":"ImageObject","inLanguage":"es","@id":"https:\/\/americana.edu.co\/medellin\/#\/schema\/logo\/image\/","url":"https:\/\/americana.edu.co\/medellin\/wp-content\/uploads\/2022\/11\/logo-americana.png","contentUrl":"https:\/\/americana.edu.co\/medellin\/wp-content\/uploads\/2022\/11\/logo-americana.png","width":161,"height":195,"caption":"Corporaci\u00f3n Universitaria Americana Barranquilla"},"image":{"@id":"https:\/\/americana.edu.co\/medellin\/#\/schema\/logo\/image\/"}}]}},"_links":{"self":[{"href":"https:\/\/americana.edu.co\/medellin\/wp-json\/wp\/v2\/pages\/93292"}],"collection":[{"href":"https:\/\/americana.edu.co\/medellin\/wp-json\/wp\/v2\/pages"}],"about":[{"href":"https:\/\/americana.edu.co\/medellin\/wp-json\/wp\/v2\/types\/page"}],"author":[{"embeddable":true,"href":"https:\/\/americana.edu.co\/medellin\/wp-json\/wp\/v2\/users\/5"}],"replies":[{"embeddable":true,"href":"https:\/\/americana.edu.co\/medellin\/wp-json\/wp\/v2\/comments?post=93292"}],"version-history":[{"count":7,"href":"https:\/\/americana.edu.co\/medellin\/wp-json\/wp\/v2\/pages\/93292\/revisions"}],"predecessor-version":[{"id":100505,"href":"https:\/\/americana.edu.co\/medellin\/wp-json\/wp\/v2\/pages\/93292\/revisions\/100505"}],"wp:attachment":[{"href":"https:\/\/americana.edu.co\/medellin\/wp-json\/wp\/v2\/media?parent=93292"}],"curies":[{"name":"wp","href":"https:\/\/api.w.org\/{rel}","templated":true}]}}