{"id":97059,"date":"2023-07-24T17:25:41","date_gmt":"2023-07-24T17:25:41","guid":{"rendered":"https:\/\/americana.edu.co\/medellin\/?page_id=97059"},"modified":"2023-07-26T17:49:05","modified_gmt":"2023-07-26T17:49:05","slug":"inscripciones","status":"publish","type":"page","link":"https:\/\/americana.edu.co\/medellin\/inscripciones\/","title":{"rendered":"INSCRIPCIONES"},"content":{"rendered":"<p><!-- Note :\n   - You can modify the font style and form style to suit your website.\n   - Code lines with comments Do not remove this code are required for the form to work properly, make sure that you do not remove these lines of code.\n   - The Mandatory check script can modified as to suit your business needs.\n   - It is important that you test the modified form before going live.--><\/p>\n<div id='crmWebToEntityForm' class='zcwf_lblLeft crmWebToEntityForm' style='background-color: #FFFFFF;color: black;max-width: 610px;'>\n  <meta name='viewport' content='width=device-width, initial-scale=1.0'><br \/>\n   <META HTTP-EQUIV ='content-type' CONTENT='text\/html;charset=UTF-8'><\/p>\n<form action='https:\/\/crm.zoho.com\/crm\/WebToLeadForm' name=WebToLeads1637886000082187077 method='POST' onSubmit='javascript:document.charset=\"UTF-8\"; return checkMandatory1637886000082187077()' accept-charset='UTF-8'>\n <input type='text' style='display:none;' name='xnQsjsdp' value='fbdf3c196f1a48d192d40cf30f4cee1d3328af9ed88794bd6f2ce0e359810586'><\/input><br \/>\n <input type='hidden' name='zc_gad' id='zc_gad' value=''><\/input><br \/>\n <input type='text' style='display:none;' name='xmIwtLD' value='b700c749aadda2160aafb629d553c184f9536199d97362ed0dec5fbcf1a7ac7e'><\/input><br \/>\n <input type='text'  style='display:none;' name='actionType' value='TGVhZHM='><\/input><br \/>\n <input type='text' style='display:none;' name='returnURL' value='https&#x3a;&#x2f;&#x2f;americana.edu.co&#x2f;medellin&#x2f;wp-content&#x2f;uploads&#x2f;2021&#x2f;09&#x2f;gracias-03.jpg' > <\/input><br \/>\n<!-- Do not remove this code. --><\/p>\n<style>\nhtml,body{\nmargin: 0px;\n}\n#crmWebToEntityForm.zcwf_lblLeft {\nwidth:100%;\npadding: 25px;\nmargin: 0 auto;\nbox-sizing: border-box;\n}\n#crmWebToEntityForm.zcwf_lblLeft * {\nbox-sizing: border-box;\n}\n#crmWebToEntityForm{text-align: left;}\n#crmWebToEntityForm * {\ndirection: ltr;\n}\n.zcwf_lblLeft .zcwf_title {\nword-wrap: break-word;\npadding: 0px 6px 10px;\nfont-weight: bold;\n}\n.zcwf_lblLeft .zcwf_col_fld input[type=text], .zcwf_lblLeft .zcwf_col_fld textarea {\nwidth: 60%;\nborder: 1px solid #ccc !important;\nresize: vertical;\nborder-radius: 2px;\nfloat: left;\n}\n.zcwf_lblLeft .zcwf_col_lab {\nwidth: 30%;\nword-break: break-word;\npadding: 0px 6px 0px;\nmargin-right: 10px;\nmargin-top: 5px;\nfloat: left;\nmin-height: 1px;\n}\n.zcwf_lblLeft .zcwf_col_fld {\nfloat: left;\nwidth: 68%;\npadding: 0px 6px 0px;\nposition: relative;\nmargin-top: 5px;\n}\n.zcwf_lblLeft .zcwf_privacy{padding: 6px;}\n.zcwf_lblLeft .wfrm_fld_dpNn{display: none;}\n.dIB{display: inline-block;}\n.zcwf_lblLeft .zcwf_col_fld_slt {\nwidth: 60%;\nborder: 1px solid #ccc;\nbackground: #fff;\nborder-radius: 4px;\nfont-size: 12px;\nfloat: left;\nresize: vertical;\n}\n.zcwf_lblLeft .zcwf_row:after, .zcwf_lblLeft .zcwf_col_fld:after {\ncontent: '';\ndisplay: table;\nclear: both;\n}\n.zcwf_lblLeft .zcwf_col_help {\nfloat: left;\nmargin-left: 7px;\nfont-size: 12px;\nmax-width: 35%;\nword-break: break-word;\n}\n.zcwf_lblLeft .zcwf_help_icon {\ncursor: pointer;\nwidth: 16px;\nheight: 16px;\ndisplay: inline-block;\nbackground: #fff;\nborder: 1px solid #ccc;\ncolor: #ccc;\ntext-align: center;\nfont-size: 11px;\nline-height: 16px;\nfont-weight: bold;\nborder-radius: 50%;\n}\n.zcwf_lblLeft .zcwf_row {margin: 15px 0px;}\n.zcwf_lblLeft .formsubmit {\nmargin-right: 5px;\ncursor: pointer;\ncolor: #333;\nfont-size: 12px;\n}\n.zcwf_lblLeft .zcwf_privacy_txt {\nwidth: 90%;\ncolor: rgb(0, 0, 0);\nfont-size: 12px;\nfont-family: Arial;\ndisplay: inline-block;\nvertical-align: top;\ncolor: #333;\npadding-top: 2px;\nmargin-left: 6px;\n}\n.zcwf_lblLeft .zcwf_button {\nfont-size: 12px;\ncolor: #333;\nborder: 1px solid #ccc;\npadding: 3px 9px;\nborder-radius: 4px;\ncursor: pointer;\nmax-width: 120px;\noverflow: hidden;\ntext-overflow: ellipsis;\nwhite-space: nowrap;\n}\n.zcwf_lblLeft .zcwf_tooltip_over{\nposition: relative;\n}\n.zcwf_lblLeft .zcwf_tooltip_ctn{\nposition: absolute;\nbackground: #dedede;\npadding: 3px 6px;\ntop: 3px;\nborder-radius: 4px;word-break: break-all;\nmin-width: 50px;\nmax-width: 150px;\ncolor: #333;\n}\n.zcwf_lblLeft .zcwf_ckbox{\nfloat: left;\n}\n.zcwf_lblLeft .zcwf_file{\nwidth: 55%;\nbox-sizing: border-box;\nfloat: left;\n}\n.clearB:after{\ncontent:'';\ndisplay: block;\nclear: both;\n}\n@media all and (max-width: 610px) {\n.zcwf_lblLeft .zcwf_col_lab, .zcwf_lblLeft .zcwf_col_fld {\nwidth: auto;\nfloat: none !important;\n}\n.zcwf_lblLeft .zcwf_col_help {width: 40%;}\n}\n<\/style>\n<div class='zcwf_title' style='max-width: 610px;color: black;'>&iexcl;Inscr&iacute;bete en la Americana&#x21;<\/div>\n<div class='zcwf_row'>\n<div class='zcwf_col_lab' style='font-size:12px; font-family: Arial;'><label for='Last_Name'>Nombres y Apellidos<span style='color:red;'>*<\/span><\/label><\/div>\n<div class='zcwf_col_fld'><input type='text' id='Last_Name' name='Last Name' maxlength='80'><\/input><\/p>\n<div class='zcwf_col_help'><\/div>\n<\/div>\n<\/div>\n<div class='zcwf_row'>\n<div class='zcwf_col_lab' style='font-size:12px; font-family: Arial;'><label for='Email'>Correo electr\u00f3nico<span style='color:red;'>*<\/span><\/label><\/div>\n<div class='zcwf_col_fld'><input type='text' ftype='email' id='Email' name='Email' maxlength='100'><\/input><\/p>\n<div class='zcwf_col_help'><\/div>\n<\/div>\n<\/div>\n<div class='zcwf_row'>\n<div class='zcwf_col_lab' style='font-size:12px; font-family: Arial;'><label for='LEADCF37'>Tel\u00e9fono de contacto<span style='color:red;'>*<\/span><\/label><\/div>\n<div class='zcwf_col_fld'><input type='text' id='LEADCF37' name='LEADCF37' maxlength='10'><\/input><\/p>\n<div class='zcwf_col_help'><\/div>\n<\/div>\n<\/div>\n<div class='zcwf_row'>\n<div class='zcwf_col_lab' style='font-size:12px; font-family: Arial;'><label for='LEADCF36'>Programas Acad&eacute;micos<\/label><\/div>\n<div class='zcwf_col_fld'><select class='zcwf_col_fld_slt' id='LEADCF36' name='LEADCF36'  ><option value='-None-'>-None-<\/option><option value='Administraci&oacute;n&#x20;&#x20;P&uacute;blica&#x20;a&#x20;Distancia'>Administraci&oacute;n  P&uacute;blica a Distancia<\/option><option value='Administraci&oacute;n&#x20;de&#x20;Empresas'>Administraci&oacute;n de Empresas<\/option><option value='Administraci&oacute;n&#x20;de&#x20;Empresas&#x20;Virtual'>Administraci&oacute;n de Empresas Virtual<\/option><option value='Administraci&oacute;n&#x20;Tur&iacute;stica&#x20;y&#x20;Hotelera'>Administraci&oacute;n Tur&iacute;stica y Hotelera<\/option><option value='Comunicaci&oacute;n&#x20;y&#x20;mercadeo&#x20;a&#x20;Distancia'>Comunicaciones y marketing a Distancia<\/option><option value='Contadur&iacute;a&#x20;P&uacute;blica'>Contadur&iacute;a P&uacute;blica<\/option><option value='Contadur&iacute;a&#x20;P&uacute;blica&#x20;Virtual'>Contadur&iacute;a P&uacute;blica Virtual<\/option><option value='Derecho'>Derecho<\/option><option value='Especializaci&oacute;n&#x20;en&#x20;Derecho&#x20;Penal'>Especializaci&oacute;n en Derecho Penal<\/option><option value='Especializaci&oacute;n&#x20;en&#x20;Gerencia&#x20;de&#x20;Proyectos'>Especializaci&oacute;n en Gerencia de Proyectos<\/option><option value='Especializaci&oacute;n&#x20;en&#x20;Gerencia&#x20;de&#x20;Talento&#x20;Humano'>Especializaci&oacute;n en Gerencia de Talento Humano<\/option><option value='Especializaci&oacute;n&#x20;en&#x20;Gerencia&#x20;en&#x20;Derecho&#x20;Administrativo'>Especializaci&oacute;n en Gerencia en Derecho Administrativo<\/option><option value='Especializaci&oacute;n&#x20;en&#x20;Gerencia&#x20;Tributaria'>Especializaci&oacute;n en Gerencia Tributaria<\/option><option value='Ingenier&iacute;a&#x20;en&#x20;Sistemas'>Ingenier&iacute;a en Sistemas<\/option><option value='Ingenier&iacute;a&#x20;Industrial&#x20;Virtual'>Ingenier&iacute;a Industrial Virtual<\/option><option value='Licenciatura&#x20;en&#x20;Pedagog&iacute;a&#x20;en&#x20;la&#x20;Primera&#x20;Infancia'>Licenciatura en Pedagog&iacute;a en la Primera Infancia<\/option><option value='Negocios&#x20;Internacionales'>Negocios Internacionales<\/option><option value='Negocios&#x20;Internacionales&#x20;Virtual'>Negocios Internacionales Virtual<\/option><option value='Psicolog&iacute;a'>Psicolog&iacute;a<\/option><\/select><\/p>\n<div class='zcwf_col_help'><\/div>\n<\/div>\n<\/div>\n<div class='zcwf_row'>\n<div class='zcwf_col_lab' style='font-size:12px; font-family: Arial;'><label for='LEADCF41'>\u00bfPor que medio te enteraste?<span style='color:red;'>*<\/span><\/label><\/div>\n<div class='zcwf_col_fld'><select class='zcwf_col_fld_slt' id='LEADCF41' name='LEADCF41'  ><option value='-None-'>-None-<\/option><option value='Sitio&#x20;Web'>Sitio Web<\/option><option value='Redes&#x20;Sociales'>Redes Sociales<\/option><option value='Directorio'>Feria educativa<\/option><option value='Referido'>Referido<\/option><option value='Valla'>Prensa<\/option><option value='Radio'>Radio<\/option><option value='Televisi&oacute;n'>Televisi&oacute;n<\/option><option value='Volante'>Volante<\/option><option value='Censa'>Convenios<\/option><\/select><\/p>\n<div class='zcwf_col_help'><\/div>\n<\/div>\n<\/div>\n<div class='zcwf_row'>\n<div class='zcwf_privacy'>\n<div class='dIB vat' align='left'>\n<div class='displayPurpose  f13'><label class='newCustomchkbox-md dIB w100per'><input autocomplete='off' id='privacyTool1637886000082187077' type='checkbox' name='privacyTool' onclick='disableErr1637886000082187077()'><\/label><\/div>\n<\/div>\n<div class='dIB zcwf_privacy_txt' style='font-size: 12px;font-family:Arial;color: black;'>Con los datos suministrados, autorizo brindar y recibir informaci\u00f3n de la Corporaci\u00f3n Universitaria Americana, quien se encuentra legitimada para administrar y tratar la informaci\u00f3n correspondiente a mis datos; seg\u00fan la Pol\u00edtica de tratamiento de informaci\u00f3n y Protecci\u00f3n de datos personales (Ley 1581 de 20012 y el Decreto 1377 de 2013)<\/div>\n<div  id='privacyErr1637886000082187077' style='font-size:12px;color:red;padding-left: 5px;visibility:hidden;'>Acepte por favor<\/div>\n<\/div>\n<\/div>\n<div class='zcwf_row'>\n<div class='zcwf_col_lab'><\/div>\n<div class='zcwf_col_fld'><input type='submit' id='formsubmit' class='formsubmit zcwf_button' value='Enviar' title='Enviar'><input type='reset' class='zcwf_button' name='reset' value='Restablecer' title='Restablecer'><\/div>\n<\/div>\n<p><script>\nfunction privacyAlert1637886000082187077()\n{\nvar privacyTool = document.getElementById('privacyTool1637886000082187077');\nvar privacyErr = document.getElementById('privacyErr1637886000082187077');\nif(privacyTool !=undefined && !privacyTool.checked )\n{\nprivacyErr.style.visibility='visible';\nprivacyTool.focus();\nreturn false;\n}\nreturn true;\n}\nfunction disableErr1637886000082187077()\n{\nvar privacyTool = document.getElementById('privacyTool1637886000082187077');\nvar privacyErr = document.getElementById('privacyErr1637886000082187077');\nif(privacyTool !=undefined && privacyTool.checked && privacyErr !=undefined )\n{\nprivacyErr.style.visibility='hidden';\n}\n}\nfunction validateEmail1637886000082187077()\n{\nvar form = document.forms['WebToLeads1637886000082187077'];\nvar emailFld = form.querySelectorAll('[ftype=email]');\nvar i;\nfor (i = 0; i < emailFld.length; i++)\n{\nvar emailVal = emailFld[i].value;\nif((emailVal.replace(\/^\\s+|\\s+$\/g, '')).length!=0 )\n{\nvar atpos=emailVal.indexOf('@');\nvar dotpos=emailVal.lastIndexOf('.');\nif (atpos<1 || dotpos<atpos+2 || dotpos+2>=emailVal.length)\n{\nalert('Introduzca una direcci\u00f3n de correo electr\u00f3nico v\u00e1lida. ');\nemailFld[i].focus();\nreturn false;\n}\n}\n}\nreturn true;\n}<\/p>\n<p>   function checkMandatory1637886000082187077() {\nvar mndFileds = new Array('Last Name','Email','LEADCF37','LEADCF41');\nvar fldLangVal = new Array('Nombres\\x20y\\x20Apellidos','Correo\\x20electr\\xF3nico','Tel\\xE9fono\\x20de\\x20contacto','\\xBFPor\\x20que\\x20medio\\x20te\\x20enteraste\\x3F');\nfor(i=0;i<mndFileds.length;i++) {\n var fieldObj=document.forms['WebToLeads1637886000082187077'][mndFileds[i]];\n if(fieldObj) {\nif (((fieldObj.value).replace(\/^\\s+|\\s+$\/g, '')).length==0) {\nif(fieldObj.type =='file')\n{\nalert('Seleccione un archivo para cargar.');\nfieldObj.focus();\nreturn false;\n}\nalert(fldLangVal[i] +' no puede estar vac\u00edo.');\n         fieldObj.focus();\n         return false;\n}  else if(fieldObj.nodeName=='SELECT') {\n      if(fieldObj.options[fieldObj.selectedIndex].value=='-None-') {\nalert(fldLangVal[i] +' no puede ser nulo.');\nfieldObj.focus();\nreturn false;\n  }\n} else if(fieldObj.type =='checkbox'){\n  if(fieldObj.checked == false){\nalert('Please accept  '+fldLangVal[i]);\nfieldObj.focus();\nreturn false;\n  }\n}\ntry {\n    if(fieldObj.name == 'Last Name') {\nname = fieldObj.value;\n     }\n} catch (e) {}\n   }\n}\nif(!validateEmail1637886000082187077()){return false;}\n\nif(!privacyAlert1637886000082187077()){return false;}\ndocument.querySelector('.crmWebToEntityForm .formsubmit').setAttribute('disabled', true);\n}\n\nfunction tooltipShow1637886000082187077(el){\nvar tooltip = el.nextElementSibling;\nvar tooltipDisplay = tooltip.style.display;\nif(tooltipDisplay == 'none'){\nvar allTooltip = document.getElementsByClassName('zcwf_tooltip_over');\nfor(i=0; i<allTooltip.length; i++){\nallTooltip[i].style.display='none';\n}\ntooltip.style.display = 'block';\n}else{\ntooltip.style.display='none';\n}\n}\n<\/script><br \/>\n<!-- Do not remove this --- Analytics Tracking code starts --><script id='wf_anal' src='https:\/\/crm.zohopublic.com\/crm\/WebFormAnalyticsServeServlet?rid=b700c749aadda2160aafb629d553c184f9536199d97362ed0dec5fbcf1a7ac7egidfbdf3c196f1a48d192d40cf30f4cee1d3328af9ed88794bd6f2ce0e359810586gid885e3c1045bd9bdcc91bdf30f82b5696gid14f4ec16431e0686150daa43f3210513&#038;tw=61690b96c1d0471b638f31426f38e68aa67fb7ed6da86f32dc10ad817fe55a0a'><\/script><!-- Do not remove this --- Analytics Tracking code ends. --><\/form>\n<\/div>\n","protected":false},"excerpt":{"rendered":"<p>&iexcl;Inscr&iacute;bete en la Americana&#x21; Nombres y Apellidos* Correo electr\u00f3nico* Tel\u00e9fono de contacto* Programas Acad&eacute;micos -None-Administraci&oacute;n P&uacute;blica a DistanciaAdministraci&oacute;n de EmpresasAdministraci&oacute;n de Empresas VirtualAdministraci&oacute;n Tur&iacute;stica y HoteleraComunicaciones y marketing a DistanciaContadur&iacute;a P&uacute;blicaContadur&iacute;a P&uacute;blica VirtualDerechoEspecializaci&oacute;n en Derecho PenalEspecializaci&oacute;n en Gerencia de ProyectosEspecializaci&oacute;n en Gerencia de Talento HumanoEspecializaci&oacute;n en Gerencia en Derecho AdministrativoEspecializaci&oacute;n en Gerencia TributariaIngenier&iacute;a en SistemasIngenier&iacute;a [&hellip;]<\/p>\n","protected":false},"author":5,"featured_media":0,"parent":0,"menu_order":0,"comment_status":"closed","ping_status":"closed","template":"","meta":{"om_disable_all_campaigns":false,"footnotes":""},"yoast_head":"<!-- This site is optimized with the Yoast SEO plugin v22.9 - https:\/\/yoast.com\/wordpress\/plugins\/seo\/ -->\n<title>\u25b7 Carrera de Administraci\u00f3n de Empresas &#187; La Americana Medell\u00edn<\/title>\n<meta name=\"description\" content=\"Ven a estudiar Administraci\u00f3n de Empresas, Duraci\u00f3n: 9 semestres, Metodolog\u00eda Presencial, Ciudad: Medell, Recibe t\u00edtulo de Administrador de Empresa.\" \/>\n<meta name=\"robots\" content=\"index, follow, max-snippet:-1, max-image-preview:large, max-video-preview:-1\" \/>\n<link rel=\"canonical\" href=\"https:\/\/americana.edu.co\/medellin\/inscripciones\/\" \/>\n<meta property=\"og:locale\" content=\"es_ES\" \/>\n<meta property=\"og:type\" content=\"article\" \/>\n<meta property=\"og:title\" content=\"\u25b7 Carrera de Administraci\u00f3n de Empresas &#187; La Americana Medell\u00edn\" \/>\n<meta property=\"og:description\" content=\"Ven a estudiar Administraci\u00f3n de Empresas, Duraci\u00f3n: 9 semestres, Metodolog\u00eda Presencial, Ciudad: Medell, Recibe t\u00edtulo de Administrador de Empresa.\" \/>\n<meta property=\"og:url\" content=\"https:\/\/americana.edu.co\/medellin\/inscripciones\/\" \/>\n<meta property=\"og:site_name\" content=\"Corporaci\u00f3n Universitaria Americana - Medell\u00edn\" \/>\n<meta property=\"article:modified_time\" content=\"2023-07-26T17:49:05+00:00\" \/>\n<meta name=\"twitter:card\" content=\"summary_large_image\" \/>\n<meta name=\"twitter:label1\" content=\"Tiempo de lectura\" \/>\n\t<meta name=\"twitter:data1\" content=\"1 minuto\" \/>\n<script type=\"application\/ld+json\" class=\"yoast-schema-graph\">{\"@context\":\"https:\/\/schema.org\",\"@graph\":[{\"@type\":\"WebPage\",\"@id\":\"https:\/\/americana.edu.co\/medellin\/inscripciones\/\",\"url\":\"https:\/\/americana.edu.co\/medellin\/inscripciones\/\",\"name\":\"\u25b7 Carrera de Administraci\u00f3n de Empresas &#187; La Americana Medell\u00edn\",\"isPartOf\":{\"@id\":\"https:\/\/americana.edu.co\/medellin\/#website\"},\"datePublished\":\"2023-07-24T17:25:41+00:00\",\"dateModified\":\"2023-07-26T17:49:05+00:00\",\"description\":\"Ven a estudiar Administraci\u00f3n de Empresas, Duraci\u00f3n: 9 semestres, Metodolog\u00eda Presencial, Ciudad: Medell, Recibe t\u00edtulo de Administrador de Empresa.\",\"breadcrumb\":{\"@id\":\"https:\/\/americana.edu.co\/medellin\/inscripciones\/#breadcrumb\"},\"inLanguage\":\"es\",\"potentialAction\":[{\"@type\":\"ReadAction\",\"target\":[\"https:\/\/americana.edu.co\/medellin\/inscripciones\/\"]}]},{\"@type\":\"BreadcrumbList\",\"@id\":\"https:\/\/americana.edu.co\/medellin\/inscripciones\/#breadcrumb\",\"itemListElement\":[{\"@type\":\"ListItem\",\"position\":1,\"name\":\"Portada\",\"item\":\"https:\/\/americana.edu.co\/medellin\/\"},{\"@type\":\"ListItem\",\"position\":2,\"name\":\"INSCRIPCIONES\"}]},{\"@type\":\"WebSite\",\"@id\":\"https:\/\/americana.edu.co\/medellin\/#website\",\"url\":\"https:\/\/americana.edu.co\/medellin\/\",\"name\":\"Corporaci\u00f3n Universitaria Americana - Medell\u00edn\",\"description\":\"\",\"publisher\":{\"@id\":\"https:\/\/americana.edu.co\/medellin\/#organization\"},\"potentialAction\":[{\"@type\":\"SearchAction\",\"target\":{\"@type\":\"EntryPoint\",\"urlTemplate\":\"https:\/\/americana.edu.co\/medellin\/?s={search_term_string}\"},\"query-input\":\"required name=search_term_string\"}],\"inLanguage\":\"es\"},{\"@type\":\"Organization\",\"@id\":\"https:\/\/americana.edu.co\/medellin\/#organization\",\"name\":\"Corporaci\u00f3n Universitaria Americana Barranquilla\",\"url\":\"https:\/\/americana.edu.co\/medellin\/\",\"logo\":{\"@type\":\"ImageObject\",\"inLanguage\":\"es\",\"@id\":\"https:\/\/americana.edu.co\/medellin\/#\/schema\/logo\/image\/\",\"url\":\"https:\/\/americana.edu.co\/medellin\/wp-content\/uploads\/2022\/11\/logo-americana.png\",\"contentUrl\":\"https:\/\/americana.edu.co\/medellin\/wp-content\/uploads\/2022\/11\/logo-americana.png\",\"width\":161,\"height\":195,\"caption\":\"Corporaci\u00f3n Universitaria Americana Barranquilla\"},\"image\":{\"@id\":\"https:\/\/americana.edu.co\/medellin\/#\/schema\/logo\/image\/\"}}]}<\/script>\n<!-- \/ Yoast SEO plugin. -->","yoast_head_json":{"title":"\u25b7 Carrera de Administraci\u00f3n de Empresas &#187; La Americana Medell\u00edn","description":"Ven a estudiar Administraci\u00f3n de Empresas, Duraci\u00f3n: 9 semestres, Metodolog\u00eda Presencial, Ciudad: Medell, Recibe t\u00edtulo de Administrador de Empresa.","robots":{"index":"index","follow":"follow","max-snippet":"max-snippet:-1","max-image-preview":"max-image-preview:large","max-video-preview":"max-video-preview:-1"},"canonical":"https:\/\/americana.edu.co\/medellin\/inscripciones\/","og_locale":"es_ES","og_type":"article","og_title":"\u25b7 Carrera de Administraci\u00f3n de Empresas &#187; La Americana Medell\u00edn","og_description":"Ven a estudiar Administraci\u00f3n de Empresas, Duraci\u00f3n: 9 semestres, Metodolog\u00eda Presencial, Ciudad: Medell, Recibe t\u00edtulo de Administrador de Empresa.","og_url":"https:\/\/americana.edu.co\/medellin\/inscripciones\/","og_site_name":"Corporaci\u00f3n Universitaria Americana - Medell\u00edn","article_modified_time":"2023-07-26T17:49:05+00:00","twitter_card":"summary_large_image","twitter_misc":{"Tiempo de lectura":"1 minuto"},"schema":{"@context":"https:\/\/schema.org","@graph":[{"@type":"WebPage","@id":"https:\/\/americana.edu.co\/medellin\/inscripciones\/","url":"https:\/\/americana.edu.co\/medellin\/inscripciones\/","name":"\u25b7 Carrera de Administraci\u00f3n de Empresas &#187; La Americana Medell\u00edn","isPartOf":{"@id":"https:\/\/americana.edu.co\/medellin\/#website"},"datePublished":"2023-07-24T17:25:41+00:00","dateModified":"2023-07-26T17:49:05+00:00","description":"Ven a estudiar Administraci\u00f3n de Empresas, Duraci\u00f3n: 9 semestres, Metodolog\u00eda Presencial, Ciudad: Medell, Recibe t\u00edtulo de Administrador de Empresa.","breadcrumb":{"@id":"https:\/\/americana.edu.co\/medellin\/inscripciones\/#breadcrumb"},"inLanguage":"es","potentialAction":[{"@type":"ReadAction","target":["https:\/\/americana.edu.co\/medellin\/inscripciones\/"]}]},{"@type":"BreadcrumbList","@id":"https:\/\/americana.edu.co\/medellin\/inscripciones\/#breadcrumb","itemListElement":[{"@type":"ListItem","position":1,"name":"Portada","item":"https:\/\/americana.edu.co\/medellin\/"},{"@type":"ListItem","position":2,"name":"INSCRIPCIONES"}]},{"@type":"WebSite","@id":"https:\/\/americana.edu.co\/medellin\/#website","url":"https:\/\/americana.edu.co\/medellin\/","name":"Corporaci\u00f3n Universitaria Americana - Medell\u00edn","description":"","publisher":{"@id":"https:\/\/americana.edu.co\/medellin\/#organization"},"potentialAction":[{"@type":"SearchAction","target":{"@type":"EntryPoint","urlTemplate":"https:\/\/americana.edu.co\/medellin\/?s={search_term_string}"},"query-input":"required name=search_term_string"}],"inLanguage":"es"},{"@type":"Organization","@id":"https:\/\/americana.edu.co\/medellin\/#organization","name":"Corporaci\u00f3n Universitaria Americana Barranquilla","url":"https:\/\/americana.edu.co\/medellin\/","logo":{"@type":"ImageObject","inLanguage":"es","@id":"https:\/\/americana.edu.co\/medellin\/#\/schema\/logo\/image\/","url":"https:\/\/americana.edu.co\/medellin\/wp-content\/uploads\/2022\/11\/logo-americana.png","contentUrl":"https:\/\/americana.edu.co\/medellin\/wp-content\/uploads\/2022\/11\/logo-americana.png","width":161,"height":195,"caption":"Corporaci\u00f3n Universitaria Americana Barranquilla"},"image":{"@id":"https:\/\/americana.edu.co\/medellin\/#\/schema\/logo\/image\/"}}]}},"_links":{"self":[{"href":"https:\/\/americana.edu.co\/medellin\/wp-json\/wp\/v2\/pages\/97059"}],"collection":[{"href":"https:\/\/americana.edu.co\/medellin\/wp-json\/wp\/v2\/pages"}],"about":[{"href":"https:\/\/americana.edu.co\/medellin\/wp-json\/wp\/v2\/types\/page"}],"author":[{"embeddable":true,"href":"https:\/\/americana.edu.co\/medellin\/wp-json\/wp\/v2\/users\/5"}],"replies":[{"embeddable":true,"href":"https:\/\/americana.edu.co\/medellin\/wp-json\/wp\/v2\/comments?post=97059"}],"version-history":[{"count":2,"href":"https:\/\/americana.edu.co\/medellin\/wp-json\/wp\/v2\/pages\/97059\/revisions"}],"predecessor-version":[{"id":97163,"href":"https:\/\/americana.edu.co\/medellin\/wp-json\/wp\/v2\/pages\/97059\/revisions\/97163"}],"wp:attachment":[{"href":"https:\/\/americana.edu.co\/medellin\/wp-json\/wp\/v2\/media?parent=97059"}],"curies":[{"name":"wp","href":"https:\/\/api.w.org\/{rel}","templated":true}]}}