{"id":97197,"date":"2023-07-26T20:11:11","date_gmt":"2023-07-26T20:11:11","guid":{"rendered":"https:\/\/americana.edu.co\/medellin\/?page_id=97197"},"modified":"2024-11-05T20:23:36","modified_gmt":"2024-11-05T20:23:36","slug":"ingeniria-industrial-virtual","status":"publish","type":"page","link":"https:\/\/americana.edu.co\/medellin\/ingeniria-industrial-virtual\/","title":{"rendered":"Ingenier\u00eda Industrial Virtual"},"content":{"rendered":"<p><!-- Note : - You can modify the font style and form style to suit your website. - Code lines with comments Do not remove this code are required for the form to work properly, make sure that you do not remove these lines of code. - The Mandatory check script can modified as to suit your business needs. - It is important that you test the modified form before going live.--><\/p>\n<div id=\"crmWebToEntityForm\" class=\"zcwf_lblLeft crmWebToEntityForm\" style=\"background-color: white; color: black; max-width: 600px;\">\n<form id=\"webform1637886000094676130\" accept-charset=\"UTF-8\" action=\"https:\/\/crm.zoho.com\/crm\/WebToLeadForm\" method=\"POST\" name=\"WebToLeads1637886000094676130\"><input style=\"display: none;\" name=\"xnQsjsdp\" type=\"text\" value=\"ea14b2d44ea11724e0447d912c400f61e87ea0a8ae41df28cde7cda3a45e555f\" \/><br \/>\n<input id=\"zc_gad\" name=\"zc_gad\" type=\"hidden\" value=\"\" \/><br \/>\n<input style=\"display: none;\" name=\"xmIwtLD\" type=\"text\" value=\"b4948eff4a49114b8c00aee86f38f68f0b06ca5d3300102a6e3cb46d26f1910ea605e438675bc3ca69043d6230522d76\" \/><br \/>\n<input style=\"display: none;\" name=\"actionType\" type=\"text\" value=\"TGVhZHM=\" \/><br \/>\n<input style=\"display: none;\" name=\"returnURL\" type=\"text\" value=\"https:\/\/americana.edu.co\/medellin\/\" \/><br \/>\n<!-- Do not remove this code. --> <\/p>\n<style>\nhtml,body{<br \/>\n\tmargin: 0px;<br \/>\n}<br \/>\n#crmWebToEntityForm.zcwf_lblLeft {<br \/>\n\twidth:100%;<br \/>\n\tpadding: 25px;<br \/>\n\tmargin: 0 auto;<br \/>\n\tbox-sizing: border-box;<br \/>\n}<br \/>\n#crmWebToEntityForm.zcwf_lblLeft * {<br \/>\n\tbox-sizing: border-box;<br \/>\n}<br \/>\n#crmWebToEntityForm{text-align: left;}<br \/>\n#crmWebToEntityForm * {<br \/>\n\tdirection: ltr;<br \/>\n}<br \/>\n.zcwf_lblLeft .zcwf_title {<br \/>\n\tword-wrap: break-word;<br \/>\n\tpadding: 0px 6px 10px;<br \/>\n\tfont-weight:bold }.zcwf_lblLeft.cpT_primaryBtn:hover{<br \/>\n\tbackground: linear-gradient(#02acff 0,#006be4 100%) no-repeat padding-box !important;<br \/>\n\tbox-shadow: 0 -2px 0 0 #0159b9 inset !important;<br \/>\n\tborder: 0 !important;<br \/>\n\tcolor: #fff !important;<br \/>\n\toutline: 0 !important;<br \/>\n}.zcwf_lblLeft .zcwf_col_fld input[type=text], input[type=password], .zcwf_lblLeft .zcwf_col_fld textarea {<br \/>\n\twidth: 60%;<br \/>\n\tborder: 1px solid #c0c6cc !important;<br \/>\n\tresize: vertical;<br \/>\n\tborder-radius: 2px;<br \/>\n\tfloat: left;<br \/>\n}<br \/>\n.zcwf_lblLeft .zcwf_col_lab {<br \/>\n\twidth: 30%;<br \/>\n\tword-break: break-word;<br \/>\n\tpadding: 0px 6px 0px;<br \/>\n\tmargin-right: 10px;<br \/>\n\tmargin-top: 5px;<br \/>\n\tfloat: left;<br \/>\n\tmin-height: 1px;<br \/>\n}<br \/>\n.zcwf_lblLeft .zcwf_col_fld {<br \/>\n\tfloat: left;<br \/>\n\twidth: 68%;<br \/>\n\tpadding: 0px 6px 0px;<br \/>\n\tposition: relative;<br \/>\n\tmargin-top: 5px;<br \/>\n}<br \/>\n.zcwf_lblLeft .zcwf_privacy{padding: 6px;}<br \/>\n.zcwf_lblLeft .wfrm_fld_dpNn{display: none;}<br \/>\n.dIB{display: inline-block;}<br \/>\n.zcwf_lblLeft .zcwf_col_fld_slt {<br \/>\n\twidth: 60%;<br \/>\n\tborder: 1px solid #ccc;<br \/>\n\tbackground: #fff;<br \/>\n\tborder-radius: 4px;<br \/>\n\tfont-size: 12px;<br \/>\n\tfloat: left;<br \/>\n\tresize: vertical;<br \/>\n\tpadding: 2px 5px;<br \/>\n}<br \/>\n.zcwf_lblLeft .zcwf_row:after, .zcwf_lblLeft .zcwf_col_fld:after {<br \/>\n\tcontent: '';<br \/>\n\tdisplay: table;<br \/>\n\tclear: both;<br \/>\n}<br \/>\n.zcwf_lblLeft .zcwf_col_help {<br \/>\n\tfloat: left;<br \/>\n\tmargin-left: 7px;<br \/>\n\tfont-size: 12px;<br \/>\n\tmax-width: 35%;<br \/>\n\tword-break: break-word;<br \/>\n}<br \/>\n.zcwf_lblLeft .zcwf_help_icon {<br \/>\n\tcursor: pointer;<br \/>\n\twidth: 16px;<br \/>\n\theight: 16px;<br \/>\n\tdisplay: inline-block;<br \/>\n\tbackground: #fff;<br \/>\n\tborder: 1px solid #c0c6cc;<br \/>\n\tcolor: #c1c1c1;<br \/>\n\ttext-align: center;<br \/>\n\tfont-size: 11px;<br \/>\n\tline-height: 16px;<br \/>\n\tfont-weight: bold;<br \/>\n\tborder-radius: 50%;<br \/>\n}<br \/>\n.zcwf_lblLeft .zcwf_row {margin: 15px 0px;}<br \/>\n.zcwf_lblLeft .formsubmit {<br \/>\n\tmargin-right: 5px;<br \/>\n\tcursor: pointer;<br \/>\n\tcolor: var(--baseColor);<br \/>\n\tfont-size: 12px;<br \/>\n}<br \/>\n.zcwf_lblLeft .zcwf_privacy_txt {<br \/>\n\twidth: 90%;<br \/>\n\tcolor: rgb(0, 0, 0);<br \/>\n\tfont-size: 12px;<br \/>\n\tfont-family: Arial;<br \/>\n\tdisplay: inline-block;<br \/>\n\tvertical-align: top;<br \/>\n\tcolor: var(--baseColor);<br \/>\n\tpadding-top: 2px;<br \/>\n\tmargin-left: 6px;<br \/>\n}<br \/>\n.zcwf_lblLeft .zcwf_button {<br \/>\n\tfont-size: 12px;<br \/>\n\tcolor: var(--baseColor);<br \/>\n\tborder: 1px solid #c0c6cc;<br \/>\n\tpadding: 3px 9px;<br \/>\n\tborder-radius: 4px;<br \/>\n\tcursor: pointer;<br \/>\n\tmax-width: 120px;<br \/>\n\toverflow: hidden;<br \/>\n\ttext-overflow: ellipsis;<br \/>\n\twhite-space: nowrap;<br \/>\n}<br \/>\n.zcwf_lblLeft .zcwf_tooltip_over{<br \/>\n\tposition: relative;<br \/>\n}<br \/>\n.zcwf_lblLeft .zcwf_tooltip_ctn{<br \/>\n\tposition: absolute;<br \/>\n\tbackground: #dedede;<br \/>\n\tpadding: 3px 6px;<br \/>\n\ttop: 3px;<br \/>\n\tborder-radius: 4px;word-break: break-word;<br \/>\n\tmin-width: 100px;<br \/>\n\tmax-width: 150px;<br \/>\n\tcolor: var(--baseColor);<br \/>\n\tz-index: 100;<br \/>\n}<br \/>\n.zcwf_lblLeft .zcwf_ckbox{<br \/>\n\tfloat: left;<br \/>\n}<br \/>\n.zcwf_lblLeft .zcwf_file{<br \/>\n\twidth: 55%;<br \/>\n\tbox-sizing: border-box;<br \/>\n\tfloat: left;<br \/>\n}<br \/>\n.clearB:after{<br \/>\n\tcontent:'';<br \/>\n\tdisplay: block;<br \/>\n\tclear: both;<br \/>\n}<br \/>\n@media all and (max-width: 600px) {<br \/>\n\t.zcwf_lblLeft .zcwf_col_lab, .zcwf_lblLeft .zcwf_col_fld {<br \/>\n\t\twidth: auto;<br \/>\n\t\tfloat: none !important;<br \/>\n\t}<br \/>\n\t.zcwf_lblLeft .zcwf_col_help {width: 40%;}<br \/>\n}<br \/>\n<\/style>\n<div class=\"zcwf_title\" style=\"max-width: 600px; color: black; font-family: Arial;\">\u00a1Recibe m\u00e1s informaci\u00f3n!<\/div>\n<div class=\"zcwf_row\">\n<div class=\"zcwf_col_lab\" style=\"font-size: 12px; font-family: Arial;\"><label for=\"Last_Name\">Nombres y Apellidos<span style=\"color: red;\">*<\/span><\/label><\/div>\n<div class=\"zcwf_col_fld\">\n<p><input id=\"Last_Name\" maxlength=\"80\" name=\"Last Name\" type=\"text\" \/><\/p>\n<div class=\"zcwf_col_help\"><\/div>\n<\/div>\n<\/div>\n<div class=\"zcwf_row\">\n<div class=\"zcwf_col_lab\" style=\"font-size: 12px; font-family: Arial;\"><label for=\"Email\">Correo electr\u00f3nico<span style=\"color: red;\">*<\/span><\/label><\/div>\n<div class=\"zcwf_col_fld\">\n<p><input id=\"Email\" autocomplete=\"false\" maxlength=\"100\" name=\"Email\" type=\"text\" \/><\/p>\n<div class=\"zcwf_col_help\"><\/div>\n<\/div>\n<\/div>\n<div class=\"zcwf_row\">\n<div class=\"zcwf_col_lab\" style=\"font-size: 12px; font-family: Arial;\"><label for=\"LEADCF47\">Celular<span style=\"color: red;\">*<\/span><\/label><\/div>\n<div class=\"zcwf_col_fld\">\n<p><input id=\"LEADCF47\" maxlength=\"30\" name=\"LEADCF47\" type=\"text\" \/><\/p>\n<div class=\"zcwf_col_help\"><\/div>\n<\/div>\n<\/div>\n<div class=\"zcwf_row\">\n<div class=\"zcwf_col_lab\" style=\"font-size: 12px; font-family: Arial;\"><label for=\"LEADCF35\">Interesado en estudiar<span style=\"color: red;\">*<\/span><\/label><\/div>\n<div class=\"zcwf_col_fld\">\n<p><select id=\"LEADCF35\" class=\"zcwf_col_fld_slt\" name=\"LEADCF35\"><option value=\"-None-\">-None-<\/option><option value=\"T\u00e9cnica Profesional En Manejo Agroindustrial\">T\u00e9cnica Profesional En Manejo Agroindustrial<\/option><option value=\"Administraci\u00f3n P\u00fablica a Distancia\">Administraci\u00f3n P\u00fablica a Distancia<\/option><option value=\"Administraci\u00f3n P\u00fablica Virtual\">Administraci\u00f3n P\u00fablica Virtual<\/option><option value=\"Administraci\u00f3n de Empresas Presencial\">Administraci\u00f3n de Empresas Presencial<\/option><option value=\"Administraci\u00f3n de Empresas Virtual\">Administraci\u00f3n de Empresas Virtual<\/option><option value=\"Administraci\u00f3n Tur\u00edstica y Hotelera Presencial\">Administraci\u00f3n Tur\u00edstica y Hotelera Presencial<\/option><option value=\"Comunicaciones y marketing a Distancia\">Comunicaciones y marketing a Distancia<\/option><option value=\"Contadur\u00eda P\u00fablica Presencial\">Contadur\u00eda P\u00fablica Presencial<\/option><option value=\"Contadur\u00eda P\u00fablica Virtual\">Contadur\u00eda P\u00fablica Virtual<\/option><option value=\"Derecho Presencial\">Derecho Presencial<\/option><option value=\"Ingenier\u00eda en Sistemas Presencial\">Ingenier\u00eda en Sistemas Presencial<\/option><option value=\"Ingenier\u00eda Industrial Virtual\">Ingenier\u00eda Industrial Virtual<\/option><option value=\"Ingenier\u00eda Industrial Presencial\">Ingenier\u00eda Industrial Presencial<\/option><option value=\"Licenciatura en Pedagog\u00eda en la Primera Infancia Presencial\">Licenciatura en Pedagog\u00eda en la Primera Infancia Presencial<\/option><option value=\"Negocios Internacionales Presencial\">Negocios Internacionales Presencial<\/option><option value=\"Negocios Internacionales Virtual\">Negocios Internacionales Virtual<\/option><option value=\"Psicolog\u00eda Presencial\">Psicolog\u00eda Presencial<\/option><option value=\"Especializaci\u00f3n en Derecho Penal\">Especializaci\u00f3n en Derecho Penal<\/option><option value=\"Especializaci\u00f3n en Gerencia de Proyectos\">Especializaci\u00f3n en Gerencia de Proyectos<\/option><option value=\"Especializaci\u00f3n en Gerencia de Talento Humano\">Especializaci\u00f3n en Gerencia de Talento Humano<\/option><option value=\"Especializaci\u00f3n en Gerencia en Derecho Administrativo\">Especializaci\u00f3n en Gerencia en Derecho Administrativo<\/option><option value=\"Especializaci\u00f3n en Gerencia Tributaria\">Especializaci\u00f3n en Gerencia Tributaria<\/option><option value=\"Especializaci\u00f3n en Gerencia Tributar\u00eda Virtual\">Especializaci\u00f3n en Gerencia Tributar\u00eda Virtual<\/option><option value=\"Especializaci\u00f3n en Derecho Laboral Virtual\">Especializaci\u00f3n en Derecho Laboral Virtual<\/option><option value=\"Especializaci\u00f3n en Gerencia de Proyectos Virtual\">Especializaci\u00f3n en Gerencia de Proyectos Virtual<\/option><option value=\"Especializaci\u00f3n en Innovaci\u00f3n Educativa y TIC Virtual\">Especializaci\u00f3n en Innovaci\u00f3n Educativa y TIC Virtual<\/option><option value=\"Especializaci\u00f3n en Seguridad Inform\u00e1tica Presencial\">Especializaci\u00f3n en Seguridad Inform\u00e1tica Presencial<\/option><option value=\"Especializaci\u00f3n en Contabilidad Internacional Virtual\">Especializaci\u00f3n en Contabilidad Internacional Virtual<\/option><option value=\"Informaci\u00f3n General\">Informaci\u00f3n General<\/option><option value=\"Reconocimiento de saberes\">Reconocimiento de saberes<\/option><option value=\"Curso de Docencia Universitaria\">Curso de Docencia Universitaria<\/option><\/select><\/p>\n<div class=\"zcwf_col_help\"><\/div>\n<\/div>\n<\/div>\n<div class=\"zcwf_row\">\n<div class=\"zcwf_col_lab\" style=\"font-size: 12px; font-family: Arial;\"><label for=\"LEADCF41\">\u00bfPor qu\u00e9 medio te enteraste?<span style=\"color: red;\">*<\/span><\/label><\/div>\n<div class=\"zcwf_col_fld\">\n<p><select id=\"LEADCF41\" class=\"zcwf_col_fld_slt\" name=\"LEADCF41\"><option value=\"-None-\">-None-<\/option><option value=\"Sitio Web\">Sitio Web<\/option><option value=\"Redes Sociales\">Redes Sociales<\/option><option value=\"Directorio\">Feria educativa<\/option><option value=\"Referido\">Referido<\/option><option value=\"Valla\">Prensa<\/option><option value=\"Radio\">Radio<\/option><option value=\"Televisi\u00f3n\">Televisi\u00f3n<\/option><option value=\"Volante\">Volante<\/option><option value=\"Emagister\">Emagister<\/option><option value=\"Cursoso y carreras\">Cursos y carreras<\/option><option value=\"Educaedu\">Educaedu<\/option><option value=\"Censa\">Convenios<\/option><option value=\"WhatsApp\">WhatsApp<\/option><option value=\"Atenci\u00f3n Presencial\">Atenci\u00f3n Presencial<\/option><option value=\"Llamada entrante\">Llamada entrante<\/option><\/select><\/p>\n<div class=\"zcwf_col_help\"><\/div>\n<\/div>\n<\/div>\n<div class=\"zcwf_row\">\n<div class=\"zcwf_col_lab\" style=\"font-size: 12px; font-family: Arial;\"><label for=\"LEADCF104\">Aceptaci\u00f3n de t\u00e9rminos.<span style=\"color: red;\">*<\/span><\/label><\/div>\n<div class=\"zcwf_col_fld\">\n<p><input id=\"LEADCF104\" class=\"zcwf_ckbox\" checked=\"checked\" maxlength=\"3\" name=\"LEADCF104\" type=\"checkbox\" \/><\/p>\n<div class=\"zcwf_col_help\"><\/div>\n<\/div>\n<\/div>\n<div class=\"zcwf_row\">\n<div class=\"zcwf_col_lab\"><\/div>\n<div class=\"zcwf_col_fld\"><input id=\"formsubmit\" class=\"formsubmit zcwf_button\" title=\"Enviar\" type=\"submit\" value=\"Enviar\" \/><input class=\"zcwf_button\" title=\"Restablecer\" name=\"reset\" type=\"reset\" value=\"Restablecer\" \/><\/div>\n<\/div>\n<p><script>\n\tfunction validateEmail1637886000094676130()\n\t{\n\t\tvar form = document.forms['WebToLeads1637886000094676130'];\n\t\tvar emailFld = form.querySelectorAll('[ftype=email]');\n\t\tvar i;\n\t\tfor (i = 0; i < emailFld.length; i++)\n\t\t{\n\t\t\tvar emailVal = emailFld[i].value;\n\t\t\tif((emailVal.replace(\/^\\s+|\\s+$\/g, '')).length!=0 )\n\t\t\t{\n\t\t\t\tvar atpos=emailVal.indexOf('@');\n\t\t\t\tvar dotpos=emailVal.lastIndexOf('.');\n\t\t\t\tif (atpos<1 || dotpos<atpos+2 || dotpos+2>=emailVal.length)\n\t\t\t\t{\n\t\t\t\t\talert('Introduzca una direcci\u00f3n de correo electr\u00f3nico v\u00e1lida. ');\n\t\t\t\t\temailFld[i].focus();\n\t\t\t\t\treturn false;\n\t\t\t\t}\n\t\t\t}\n\t\t}\n\t\treturn true;\n\t}<\/p>\n<p> \t  function checkMandatory1637886000094676130() {\n\t\tvar mndFileds = new Array('Last Name','Email','LEADCF41','LEADCF47','LEADCF104','LEADCF35');\n\t\tvar fldLangVal = new Array('Nombres\\x20y\\x20Apellidos','Correo\\x20electr\\xF3nico','\\xBFPor\\x20qu\\xE9\\x20medio\\x20te\\x20enteraste\\x3F','Celular','Aceptaci\\xF3n\\x20de\\x20t\\xE9rminos.','Interesado\\x20en\\x20estudiar');\n\t\tfor(i=0;i<mndFileds.length;i++) {\n\t\t  var fieldObj=document.forms['WebToLeads1637886000094676130'][mndFileds[i]];\n\t\t  if(fieldObj) {\n\t\t\tif (((fieldObj.value).replace(\/^\\s+|\\s+$\/g, '')).length==0) {\n\t\t\t if(fieldObj.type =='file')\n\t\t\t\t{ \n\t\t\t\t alert('Seleccione un archivo para cargar.'); \n\t\t\t\t fieldObj.focus(); \n\t\t\t\t return false;\n\t\t\t\t} \n\t\t\talert(fldLangVal[i] +' no puede estar vac\u00edo.'); \n   \t   \t  \t  fieldObj.focus();\n   \t   \t  \t  return false;\n\t\t\t}  else if(fieldObj.nodeName=='SELECT') {\n  \t   \t   \t if(fieldObj.options[fieldObj.selectedIndex].value=='-None-') {\n\t\t\t\talert(fldLangVal[i] +' no puede ser nulo.'); \n\t\t\t\tfieldObj.focus();\n\t\t\t\treturn false;\n\t\t\t   }\n\t\t\t} else if(fieldObj.type =='checkbox'){\n \t \t \t if(fieldObj.checked == false){\n\t\t\t\talert('Please accept  '+fldLangVal[i]);\n\t\t\t\tfieldObj.focus();\n\t\t\t\treturn false;\n\t\t\t   } \n\t\t\t } \n\t\t\t try {\n\t\t\t     if(fieldObj.name == 'Last Name') {\n\t\t\t\tname = fieldObj.value;\n \t \t \t    }\n\t\t\t} catch (e) {}\n\t\t    }\n\t\t}\n\t\tif(!validateEmail1637886000094676130()){return false;}\n\t\t\n\tvar urlparams = new URLSearchParams( window.location.search);\n\tif(urlparams.has('service') &#038;&#038; (urlparams.get('service')==='smarturl')){\n\t\tvar webform = document.getElementById('webform1637886000094676130');\n\t\t var service =  urlparams.get('service'); \n\t\tvar smarturlfield = document.createElement('input');\n\t\tsmarturlfield.setAttribute('type','hidden');\n\t\tsmarturlfield.setAttribute('value',service);\n\t\tsmarturlfield.setAttribute('name','service');\n\t\twebform.appendChild(smarturlfield); \n\t}\ndocument.querySelector('.crmWebToEntityForm .formsubmit').setAttribute('disabled', true);\n\t}\n\nfunction tooltipShow1637886000094676130(el){\n\tvar tooltip = el.nextElementSibling;\n\tvar tooltipDisplay = tooltip.style.display;\n\tif(tooltipDisplay == 'none'){\n\t\tvar allTooltip = document.getElementsByClassName('zcwf_tooltip_over');\n\t\tfor(i=0; i<allTooltip.length; i++){\n\t\t\tallTooltip[i].style.display='none';\n\t\t}\n\t\ttooltip.style.display = 'block';\n\t}else{\n\t\ttooltip.style.display='none';\n\t}\n}\n<\/script><br \/>\n<!-- Do not remove this --- Analytics Tracking code starts --><script id='wf_anal' src='https:\/\/crm.zohopublic.com\/crm\/WebFormAnalyticsServeServlet?rid=a1841f6d8faeb97be52f328b8a586a57e26ad82a26ac058d4303abe4d477476f92066fc56e96d7ae577d6c590c6528cagidb20e4ef5cb759804975238afb84f15d5d91a547ac14f08100678ae75f0e009e5gid8ac32a720c5f78550f72bc877ec7d656f23aa9f26976f291c22cfba4e61609f1gide9d0e652247d1054b300ebaa40eba949d944144f17b9d50da6d19eb769fde15e&#038;tw=6a2413480e08c586209137ef193091454b663947292d72941f6606fefa4380c0'><\/script><!-- Do not remove this --- Analytics Tracking code ends. --><\/p>\n<\/form>\n<\/div>\n","protected":false},"excerpt":{"rendered":"<p>\u00a1Recibe m\u00e1s informaci\u00f3n! Nombres y Apellidos* Correo electr\u00f3nico* Celular* Interesado en estudiar* -None-T\u00e9cnica Profesional En Manejo AgroindustrialAdministraci\u00f3n P\u00fablica a DistanciaAdministraci\u00f3n P\u00fablica VirtualAdministraci\u00f3n de Empresas PresencialAdministraci\u00f3n de Empresas VirtualAdministraci\u00f3n Tur\u00edstica y Hotelera PresencialComunicaciones y marketing a DistanciaContadur\u00eda P\u00fablica PresencialContadur\u00eda P\u00fablica VirtualDerecho PresencialIngenier\u00eda en Sistemas PresencialIngenier\u00eda Industrial VirtualIngenier\u00eda Industrial PresencialLicenciatura en Pedagog\u00eda en la Primera Infancia PresencialNegocios [&hellip;]<\/p>\n","protected":false},"author":5,"featured_media":0,"parent":0,"menu_order":0,"comment_status":"closed","ping_status":"closed","template":"","meta":{"om_disable_all_campaigns":false,"footnotes":""},"yoast_head":"<!-- This site is optimized with the Yoast SEO plugin v22.9 - https:\/\/yoast.com\/wordpress\/plugins\/seo\/ -->\n<title>\u25b7 Carrera de Ingenier\u00eda Insdustrial Virtual &#187; La Americana Medell\u00edn<\/title>\n<meta name=\"description\" content=\"Ven a estudiar Administraci\u00f3n de Empresas, Duraci\u00f3n: 9 semestres, Metodolog\u00eda Presencial, Ciudad: Medell, Recibe t\u00edtulo de Administrador de Empresa.\" \/>\n<meta name=\"robots\" content=\"index, follow, max-snippet:-1, max-image-preview:large, max-video-preview:-1\" \/>\n<link rel=\"canonical\" href=\"https:\/\/americana.edu.co\/medellin\/ingeniria-industrial-virtual\/\" \/>\n<meta property=\"og:locale\" content=\"es_ES\" \/>\n<meta property=\"og:type\" content=\"article\" \/>\n<meta property=\"og:title\" content=\"\u25b7 Carrera de Ingenier\u00eda Insdustrial Virtual &#187; La Americana Medell\u00edn\" \/>\n<meta property=\"og:description\" content=\"Ven a estudiar Administraci\u00f3n de Empresas, Duraci\u00f3n: 9 semestres, Metodolog\u00eda Presencial, Ciudad: Medell, Recibe t\u00edtulo de Administrador de Empresa.\" \/>\n<meta property=\"og:url\" content=\"https:\/\/americana.edu.co\/medellin\/ingeniria-industrial-virtual\/\" \/>\n<meta property=\"og:site_name\" content=\"Corporaci\u00f3n Universitaria Americana - Medell\u00edn\" \/>\n<meta property=\"article:modified_time\" content=\"2024-11-05T20:23:36+00:00\" \/>\n<meta name=\"twitter:card\" content=\"summary_large_image\" \/>\n<meta name=\"twitter:label1\" content=\"Tiempo de lectura\" \/>\n\t<meta name=\"twitter:data1\" content=\"5 minutos\" \/>\n<script type=\"application\/ld+json\" class=\"yoast-schema-graph\">{\"@context\":\"https:\/\/schema.org\",\"@graph\":[{\"@type\":\"WebPage\",\"@id\":\"https:\/\/americana.edu.co\/medellin\/ingeniria-industrial-virtual\/\",\"url\":\"https:\/\/americana.edu.co\/medellin\/ingeniria-industrial-virtual\/\",\"name\":\"\u25b7 Carrera de Ingenier\u00eda Insdustrial Virtual &#187; La Americana Medell\u00edn\",\"isPartOf\":{\"@id\":\"https:\/\/americana.edu.co\/medellin\/#website\"},\"datePublished\":\"2023-07-26T20:11:11+00:00\",\"dateModified\":\"2024-11-05T20:23:36+00:00\",\"description\":\"Ven a estudiar Administraci\u00f3n de Empresas, Duraci\u00f3n: 9 semestres, Metodolog\u00eda Presencial, Ciudad: Medell, Recibe t\u00edtulo de Administrador de Empresa.\",\"breadcrumb\":{\"@id\":\"https:\/\/americana.edu.co\/medellin\/ingeniria-industrial-virtual\/#breadcrumb\"},\"inLanguage\":\"es\",\"potentialAction\":[{\"@type\":\"ReadAction\",\"target\":[\"https:\/\/americana.edu.co\/medellin\/ingeniria-industrial-virtual\/\"]}]},{\"@type\":\"BreadcrumbList\",\"@id\":\"https:\/\/americana.edu.co\/medellin\/ingeniria-industrial-virtual\/#breadcrumb\",\"itemListElement\":[{\"@type\":\"ListItem\",\"position\":1,\"name\":\"Portada\",\"item\":\"https:\/\/americana.edu.co\/medellin\/\"},{\"@type\":\"ListItem\",\"position\":2,\"name\":\"Ingenier\u00eda Industrial Virtual\"}]},{\"@type\":\"WebSite\",\"@id\":\"https:\/\/americana.edu.co\/medellin\/#website\",\"url\":\"https:\/\/americana.edu.co\/medellin\/\",\"name\":\"Corporaci\u00f3n Universitaria Americana - Medell\u00edn\",\"description\":\"\",\"publisher\":{\"@id\":\"https:\/\/americana.edu.co\/medellin\/#organization\"},\"potentialAction\":[{\"@type\":\"SearchAction\",\"target\":{\"@type\":\"EntryPoint\",\"urlTemplate\":\"https:\/\/americana.edu.co\/medellin\/?s={search_term_string}\"},\"query-input\":\"required name=search_term_string\"}],\"inLanguage\":\"es\"},{\"@type\":\"Organization\",\"@id\":\"https:\/\/americana.edu.co\/medellin\/#organization\",\"name\":\"Corporaci\u00f3n Universitaria Americana Barranquilla\",\"url\":\"https:\/\/americana.edu.co\/medellin\/\",\"logo\":{\"@type\":\"ImageObject\",\"inLanguage\":\"es\",\"@id\":\"https:\/\/americana.edu.co\/medellin\/#\/schema\/logo\/image\/\",\"url\":\"https:\/\/americana.edu.co\/medellin\/wp-content\/uploads\/2022\/11\/logo-americana.png\",\"contentUrl\":\"https:\/\/americana.edu.co\/medellin\/wp-content\/uploads\/2022\/11\/logo-americana.png\",\"width\":161,\"height\":195,\"caption\":\"Corporaci\u00f3n Universitaria Americana Barranquilla\"},\"image\":{\"@id\":\"https:\/\/americana.edu.co\/medellin\/#\/schema\/logo\/image\/\"}}]}<\/script>\n<!-- \/ Yoast SEO plugin. -->","yoast_head_json":{"title":"\u25b7 Carrera de Ingenier\u00eda Insdustrial Virtual &#187; La Americana Medell\u00edn","description":"Ven a estudiar Administraci\u00f3n de Empresas, Duraci\u00f3n: 9 semestres, Metodolog\u00eda Presencial, Ciudad: Medell, Recibe t\u00edtulo de Administrador de Empresa.","robots":{"index":"index","follow":"follow","max-snippet":"max-snippet:-1","max-image-preview":"max-image-preview:large","max-video-preview":"max-video-preview:-1"},"canonical":"https:\/\/americana.edu.co\/medellin\/ingeniria-industrial-virtual\/","og_locale":"es_ES","og_type":"article","og_title":"\u25b7 Carrera de Ingenier\u00eda Insdustrial Virtual &#187; La Americana Medell\u00edn","og_description":"Ven a estudiar Administraci\u00f3n de Empresas, Duraci\u00f3n: 9 semestres, Metodolog\u00eda Presencial, Ciudad: Medell, Recibe t\u00edtulo de Administrador de Empresa.","og_url":"https:\/\/americana.edu.co\/medellin\/ingeniria-industrial-virtual\/","og_site_name":"Corporaci\u00f3n Universitaria Americana - Medell\u00edn","article_modified_time":"2024-11-05T20:23:36+00:00","twitter_card":"summary_large_image","twitter_misc":{"Tiempo de lectura":"5 minutos"},"schema":{"@context":"https:\/\/schema.org","@graph":[{"@type":"WebPage","@id":"https:\/\/americana.edu.co\/medellin\/ingeniria-industrial-virtual\/","url":"https:\/\/americana.edu.co\/medellin\/ingeniria-industrial-virtual\/","name":"\u25b7 Carrera de Ingenier\u00eda Insdustrial Virtual &#187; La Americana Medell\u00edn","isPartOf":{"@id":"https:\/\/americana.edu.co\/medellin\/#website"},"datePublished":"2023-07-26T20:11:11+00:00","dateModified":"2024-11-05T20:23:36+00:00","description":"Ven a estudiar Administraci\u00f3n de Empresas, Duraci\u00f3n: 9 semestres, Metodolog\u00eda Presencial, Ciudad: Medell, Recibe t\u00edtulo de Administrador de Empresa.","breadcrumb":{"@id":"https:\/\/americana.edu.co\/medellin\/ingeniria-industrial-virtual\/#breadcrumb"},"inLanguage":"es","potentialAction":[{"@type":"ReadAction","target":["https:\/\/americana.edu.co\/medellin\/ingeniria-industrial-virtual\/"]}]},{"@type":"BreadcrumbList","@id":"https:\/\/americana.edu.co\/medellin\/ingeniria-industrial-virtual\/#breadcrumb","itemListElement":[{"@type":"ListItem","position":1,"name":"Portada","item":"https:\/\/americana.edu.co\/medellin\/"},{"@type":"ListItem","position":2,"name":"Ingenier\u00eda Industrial Virtual"}]},{"@type":"WebSite","@id":"https:\/\/americana.edu.co\/medellin\/#website","url":"https:\/\/americana.edu.co\/medellin\/","name":"Corporaci\u00f3n Universitaria Americana - Medell\u00edn","description":"","publisher":{"@id":"https:\/\/americana.edu.co\/medellin\/#organization"},"potentialAction":[{"@type":"SearchAction","target":{"@type":"EntryPoint","urlTemplate":"https:\/\/americana.edu.co\/medellin\/?s={search_term_string}"},"query-input":"required name=search_term_string"}],"inLanguage":"es"},{"@type":"Organization","@id":"https:\/\/americana.edu.co\/medellin\/#organization","name":"Corporaci\u00f3n Universitaria Americana Barranquilla","url":"https:\/\/americana.edu.co\/medellin\/","logo":{"@type":"ImageObject","inLanguage":"es","@id":"https:\/\/americana.edu.co\/medellin\/#\/schema\/logo\/image\/","url":"https:\/\/americana.edu.co\/medellin\/wp-content\/uploads\/2022\/11\/logo-americana.png","contentUrl":"https:\/\/americana.edu.co\/medellin\/wp-content\/uploads\/2022\/11\/logo-americana.png","width":161,"height":195,"caption":"Corporaci\u00f3n Universitaria Americana Barranquilla"},"image":{"@id":"https:\/\/americana.edu.co\/medellin\/#\/schema\/logo\/image\/"}}]}},"_links":{"self":[{"href":"https:\/\/americana.edu.co\/medellin\/wp-json\/wp\/v2\/pages\/97197"}],"collection":[{"href":"https:\/\/americana.edu.co\/medellin\/wp-json\/wp\/v2\/pages"}],"about":[{"href":"https:\/\/americana.edu.co\/medellin\/wp-json\/wp\/v2\/types\/page"}],"author":[{"embeddable":true,"href":"https:\/\/americana.edu.co\/medellin\/wp-json\/wp\/v2\/users\/5"}],"replies":[{"embeddable":true,"href":"https:\/\/americana.edu.co\/medellin\/wp-json\/wp\/v2\/comments?post=97197"}],"version-history":[{"count":6,"href":"https:\/\/americana.edu.co\/medellin\/wp-json\/wp\/v2\/pages\/97197\/revisions"}],"predecessor-version":[{"id":100700,"href":"https:\/\/americana.edu.co\/medellin\/wp-json\/wp\/v2\/pages\/97197\/revisions\/100700"}],"wp:attachment":[{"href":"https:\/\/americana.edu.co\/medellin\/wp-json\/wp\/v2\/media?parent=97197"}],"curies":[{"name":"wp","href":"https:\/\/api.w.org\/{rel}","templated":true}]}}