{"id":5464,"date":"2018-08-04T12:32:22","date_gmt":"2018-08-04T12:32:22","guid":{"rendered":"https:\/\/demo.goodlayers.com\/kingster\/?page_id=5464"},"modified":"2024-05-22T21:26:02","modified_gmt":"2024-05-22T21:26:02","slug":"egresados","status":"publish","type":"page","link":"https:\/\/americana.edu.co\/monteria\/extension\/egresados\/","title":{"rendered":"Egresados"},"content":{"rendered":"","protected":false},"excerpt":{"rendered":"","protected":false},"author":1,"featured_media":0,"parent":7135,"menu_order":0,"comment_status":"closed","ping_status":"closed","template":"","meta":{"footnotes":""},"yoast_head":"<!-- This site is optimized with the Yoast SEO plugin v24.0 - https:\/\/yoast.com\/wordpress\/plugins\/seo\/ -->\n<title>Egresados &#187; La Americana Barranquilla<\/title>\n<meta name=\"description\" content=\"Ent\u00e9rate de las noticias de la Instituci\u00f3n, encuentra ofertas laborales, actualiza tus datos y conoce la oferta de posgrado o de educaci\u00f3n continuada.\" \/>\n<meta name=\"robots\" content=\"index, follow, max-snippet:-1, max-image-preview:large, max-video-preview:-1\" \/>\n<link rel=\"canonical\" href=\"https:\/\/americana.edu.co\/monteria\/extension\/egresados\/\" \/>\n<meta property=\"og:locale\" content=\"es_ES\" \/>\n<meta property=\"og:type\" content=\"article\" \/>\n<meta property=\"og:title\" content=\"Egresados &#187; La Americana Barranquilla\" \/>\n<meta property=\"og:description\" content=\"Ent\u00e9rate de las noticias de la Instituci\u00f3n, encuentra ofertas laborales, actualiza tus datos y conoce la oferta de posgrado o de educaci\u00f3n continuada.\" \/>\n<meta property=\"og:url\" content=\"https:\/\/americana.edu.co\/monteria\/extension\/egresados\/\" \/>\n<meta property=\"og:site_name\" content=\"Corporaci\u00f3n Universitaria Americana - Monter\u00eda\" \/>\n<meta property=\"article:modified_time\" content=\"2024-05-22T21:26:02+00:00\" \/>\n<meta name=\"twitter:card\" content=\"summary_large_image\" \/>\n<script type=\"application\/ld+json\" class=\"yoast-schema-graph\">{\"@context\":\"https:\/\/schema.org\",\"@graph\":[{\"@type\":\"WebPage\",\"@id\":\"https:\/\/americana.edu.co\/monteria\/extension\/egresados\/\",\"url\":\"https:\/\/americana.edu.co\/monteria\/extension\/egresados\/\",\"name\":\"Egresados &#187; La Americana Barranquilla\",\"isPartOf\":{\"@id\":\"https:\/\/americana.edu.co\/monteria\/#website\"},\"datePublished\":\"2018-08-04T12:32:22+00:00\",\"dateModified\":\"2024-05-22T21:26:02+00:00\",\"description\":\"Ent\u00e9rate de las noticias de la Instituci\u00f3n, encuentra ofertas laborales, actualiza tus datos y conoce la oferta de posgrado o de educaci\u00f3n continuada.\",\"breadcrumb\":{\"@id\":\"https:\/\/americana.edu.co\/monteria\/extension\/egresados\/#breadcrumb\"},\"inLanguage\":\"es-CO\",\"potentialAction\":[{\"@type\":\"ReadAction\",\"target\":[\"https:\/\/americana.edu.co\/monteria\/extension\/egresados\/\"]}]},{\"@type\":\"BreadcrumbList\",\"@id\":\"https:\/\/americana.edu.co\/monteria\/extension\/egresados\/#breadcrumb\",\"itemListElement\":[{\"@type\":\"ListItem\",\"position\":1,\"name\":\"Portada\",\"item\":\"https:\/\/americana.edu.co\/monteria\/\"},{\"@type\":\"ListItem\",\"position\":2,\"name\":\"Extensi\u00f3n\",\"item\":\"https:\/\/americana.edu.co\/monteria\/extension\/\"},{\"@type\":\"ListItem\",\"position\":3,\"name\":\"Egresados\"}]},{\"@type\":\"WebSite\",\"@id\":\"https:\/\/americana.edu.co\/monteria\/#website\",\"url\":\"https:\/\/americana.edu.co\/monteria\/\",\"name\":\"Corporaci\u00f3n Universitaria Americana - Monter\u00eda\",\"description\":\"\",\"publisher\":{\"@id\":\"https:\/\/americana.edu.co\/monteria\/#organization\"},\"potentialAction\":[{\"@type\":\"SearchAction\",\"target\":{\"@type\":\"EntryPoint\",\"urlTemplate\":\"https:\/\/americana.edu.co\/monteria\/?s={search_term_string}\"},\"query-input\":{\"@type\":\"PropertyValueSpecification\",\"valueRequired\":true,\"valueName\":\"search_term_string\"}}],\"inLanguage\":\"es-CO\"},{\"@type\":\"Organization\",\"@id\":\"https:\/\/americana.edu.co\/monteria\/#organization\",\"name\":\"Corporaci\u00f3n Universitaria Americana Monter\u00eda\",\"url\":\"https:\/\/americana.edu.co\/monteria\/\",\"logo\":{\"@type\":\"ImageObject\",\"inLanguage\":\"es-CO\",\"@id\":\"https:\/\/americana.edu.co\/monteria\/#\/schema\/logo\/image\/\",\"url\":\"https:\/\/americana.edu.co\/monteria\/wp-content\/uploads\/2022\/11\/logo-americana.png\",\"contentUrl\":\"https:\/\/americana.edu.co\/monteria\/wp-content\/uploads\/2022\/11\/logo-americana.png\",\"width\":161,\"height\":195,\"caption\":\"Corporaci\u00f3n Universitaria Americana Monter\u00eda\"},\"image\":{\"@id\":\"https:\/\/americana.edu.co\/monteria\/#\/schema\/logo\/image\/\"}}]}<\/script>\n<!-- \/ Yoast SEO plugin. -->","yoast_head_json":{"title":"Egresados &#187; La Americana Barranquilla","description":"Ent\u00e9rate de las noticias de la Instituci\u00f3n, encuentra ofertas laborales, actualiza tus datos y conoce la oferta de posgrado o de educaci\u00f3n continuada.","robots":{"index":"index","follow":"follow","max-snippet":"max-snippet:-1","max-image-preview":"max-image-preview:large","max-video-preview":"max-video-preview:-1"},"canonical":"https:\/\/americana.edu.co\/monteria\/extension\/egresados\/","og_locale":"es_ES","og_type":"article","og_title":"Egresados &#187; La Americana Barranquilla","og_description":"Ent\u00e9rate de las noticias de la Instituci\u00f3n, encuentra ofertas laborales, actualiza tus datos y conoce la oferta de posgrado o de educaci\u00f3n continuada.","og_url":"https:\/\/americana.edu.co\/monteria\/extension\/egresados\/","og_site_name":"Corporaci\u00f3n Universitaria Americana - Monter\u00eda","article_modified_time":"2024-05-22T21:26:02+00:00","twitter_card":"summary_large_image","schema":{"@context":"https:\/\/schema.org","@graph":[{"@type":"WebPage","@id":"https:\/\/americana.edu.co\/monteria\/extension\/egresados\/","url":"https:\/\/americana.edu.co\/monteria\/extension\/egresados\/","name":"Egresados &#187; La Americana Barranquilla","isPartOf":{"@id":"https:\/\/americana.edu.co\/monteria\/#website"},"datePublished":"2018-08-04T12:32:22+00:00","dateModified":"2024-05-22T21:26:02+00:00","description":"Ent\u00e9rate de las noticias de la Instituci\u00f3n, encuentra ofertas laborales, actualiza tus datos y conoce la oferta de posgrado o de educaci\u00f3n continuada.","breadcrumb":{"@id":"https:\/\/americana.edu.co\/monteria\/extension\/egresados\/#breadcrumb"},"inLanguage":"es-CO","potentialAction":[{"@type":"ReadAction","target":["https:\/\/americana.edu.co\/monteria\/extension\/egresados\/"]}]},{"@type":"BreadcrumbList","@id":"https:\/\/americana.edu.co\/monteria\/extension\/egresados\/#breadcrumb","itemListElement":[{"@type":"ListItem","position":1,"name":"Portada","item":"https:\/\/americana.edu.co\/monteria\/"},{"@type":"ListItem","position":2,"name":"Extensi\u00f3n","item":"https:\/\/americana.edu.co\/monteria\/extension\/"},{"@type":"ListItem","position":3,"name":"Egresados"}]},{"@type":"WebSite","@id":"https:\/\/americana.edu.co\/monteria\/#website","url":"https:\/\/americana.edu.co\/monteria\/","name":"Corporaci\u00f3n Universitaria Americana - Monter\u00eda","description":"","publisher":{"@id":"https:\/\/americana.edu.co\/monteria\/#organization"},"potentialAction":[{"@type":"SearchAction","target":{"@type":"EntryPoint","urlTemplate":"https:\/\/americana.edu.co\/monteria\/?s={search_term_string}"},"query-input":{"@type":"PropertyValueSpecification","valueRequired":true,"valueName":"search_term_string"}}],"inLanguage":"es-CO"},{"@type":"Organization","@id":"https:\/\/americana.edu.co\/monteria\/#organization","name":"Corporaci\u00f3n Universitaria Americana Monter\u00eda","url":"https:\/\/americana.edu.co\/monteria\/","logo":{"@type":"ImageObject","inLanguage":"es-CO","@id":"https:\/\/americana.edu.co\/monteria\/#\/schema\/logo\/image\/","url":"https:\/\/americana.edu.co\/monteria\/wp-content\/uploads\/2022\/11\/logo-americana.png","contentUrl":"https:\/\/americana.edu.co\/monteria\/wp-content\/uploads\/2022\/11\/logo-americana.png","width":161,"height":195,"caption":"Corporaci\u00f3n Universitaria Americana Monter\u00eda"},"image":{"@id":"https:\/\/americana.edu.co\/monteria\/#\/schema\/logo\/image\/"}}]}},"_links":{"self":[{"href":"https:\/\/americana.edu.co\/monteria\/wp-json\/wp\/v2\/pages\/5464"}],"collection":[{"href":"https:\/\/americana.edu.co\/monteria\/wp-json\/wp\/v2\/pages"}],"about":[{"href":"https:\/\/americana.edu.co\/monteria\/wp-json\/wp\/v2\/types\/page"}],"author":[{"embeddable":true,"href":"https:\/\/americana.edu.co\/monteria\/wp-json\/wp\/v2\/users\/1"}],"replies":[{"embeddable":true,"href":"https:\/\/americana.edu.co\/monteria\/wp-json\/wp\/v2\/comments?post=5464"}],"version-history":[{"count":6,"href":"https:\/\/americana.edu.co\/monteria\/wp-json\/wp\/v2\/pages\/5464\/revisions"}],"predecessor-version":[{"id":98130,"href":"https:\/\/americana.edu.co\/monteria\/wp-json\/wp\/v2\/pages\/5464\/revisions\/98130"}],"up":[{"embeddable":true,"href":"https:\/\/americana.edu.co\/monteria\/wp-json\/wp\/v2\/pages\/7135"}],"wp:attachment":[{"href":"https:\/\/americana.edu.co\/monteria\/wp-json\/wp\/v2\/media?parent=5464"}],"curies":[{"name":"wp","href":"https:\/\/api.w.org\/{rel}","templated":true}]}}