{"id":6704,"date":"2018-12-26T19:19:13","date_gmt":"2018-12-26T19:19:13","guid":{"rendered":"https:\/\/americana.edu.co\/monteria4\/?page_id=6704"},"modified":"2023-03-21T15:25:44","modified_gmt":"2023-03-21T15:25:44","slug":"ingenieria-de-sistemas","status":"publish","type":"page","link":"https:\/\/americana.edu.co\/monteria\/ingenieria-de-sistemas\/","title":{"rendered":"Ingenier\u00eda de Sistemas"},"content":{"rendered":"<!-- Note :- You can modify the font style and form style to suit your website. \r\n- Code lines with comments Do not remove this code are required for the form to work properly, make sure that you do not remove these lines of code. \r\n- The Mandatory check script can modified as to suit your business needs. \r\n- It is important that you test the modified form before going live.\r\n-->\r\n<div id=\"crmWebToEntityForm\" class=\"zcwf_lblLeft crmWebToEntityForm\" style=\"background-color: #f5f5f5; color: black; max-width: 600px;\"><script src='https:\/\/www.google.com\/recaptcha\/api.js' async defer><\/script> <script>\r\nwindow.onload = function()\r\n{\r\n    var $recaptcha = document.querySelector('#g-recaptcha-response');\r\n\r\n    if($recaptcha) {\r\n        $recaptcha.setAttribute(\"required\", \"required\");\r\n    }\r\n};\r\n<\/script><form accept-charset=\"UTF-8\" action=\"https:\/\/crm.zoho.com\/crm\/WebToLeadForm\" method=\"POST\" name=\"WebToLeads4979259000001566153\"><input style=\"display: none;\" name=\"xnQsjsdp\" type=\"text\" value=\"ad6ab1f749f8a9aa8dcd4c24a1f3c9ceab08ca14012e90b0dbd463778cbf574e\" \/> <input id=\"zc_gad\" name=\"zc_gad\" type=\"hidden\" value=\"\" \/> <input style=\"display: none;\" name=\"xmIwtLD\" type=\"text\" value=\"0068f4a66dcdfe8e8d0343ed193846ca292acc6c23846c5f8107869821847632\" \/> <input style=\"display: none;\" name=\"actionType\" type=\"text\" value=\"TGVhZHM=\" \/> <input style=\"display: none;\" name=\"returnURL\" type=\"text\" value=\"https:\/\/americana.edu.co\/monteria\/gracias-registro-sistemas\/\" \/> <!-- Do not remove this code. --> <style>\r\nhtml,body{\r\n\tmargin: 0px;\r\n}\r\n#crmWebToEntityForm.zcwf_lblLeft {\r\n\twidth:100%;\r\n\tpadding: 25px;\r\n\tmargin: 0 auto;\r\n\tbox-sizing: border-box;\r\n}\r\n#crmWebToEntityForm.zcwf_lblLeft * {\r\n\tbox-sizing: border-box;\r\n}\r\n#crmWebToEntityForm{text-align: left;}\r\n#crmWebToEntityForm * {\r\n\tdirection: ltr;\r\n}\r\n#g-recaptcha-response {\r\n    display: block !important;\r\n    position: absolute;\r\n    margin: -78px 0 0 0 !important;\r\n    width: 302px !important;\r\n    height: 76px !important;\r\n    z-index: -999999;\r\n    opacity: 0;\r\n}\r\n.zcwf_lblLeft .zcwf_title {\r\n\tword-wrap: break-word;\r\n\tpadding: 0px 6px 10px;\r\n\tfont-weight: bold;\r\n    font-size: 20px;\r\n}\r\n.zcwf_lblLeft .zcwf_col_fld input[type=text], .zcwf_lblLeft .zcwf_col_fld textarea {\r\n\twidth: 60%;\r\n\tborder: 1px solid #ccc !important;\r\n\tresize: vertical;\r\n\tborder-radius: 2px;\r\n\tfloat: left;\r\n}\r\n.zcwf_lblLeft .zcwf_col_lab {\r\n\twidth: 30%;\r\n\tword-break: break-word;\r\n\tpadding: 0px 6px 0px;\r\n\tmargin-right: 10px;\r\n\tmargin-top: 5px;\r\n\tfloat: left;\r\n\tmin-height: 1px;\r\n}\r\n.zcwf_lblLeft .zcwf_col_fld {\r\n\tfloat: left;\r\n\twidth: 68%;\r\n\tpadding: 0px 6px 0px;\r\n\tposition: relative;\r\n\tmargin-top: 5px;\r\n}\r\n.zcwf_lblLeft .zcwf_privacy{padding: 6px;}\r\n.zcwf_lblLeft .wfrm_fld_dpNn{display: none;}\r\n.dIB{display: inline-block;}\r\n.zcwf_lblLeft .zcwf_col_fld_slt {\r\n\twidth: 60%;\r\n\tborder: 1px solid #ccc;\r\n\tbackground: #fff;\r\n\tborder-radius: 4px;\r\n\tfont-size: 12px;\r\n\tfloat: left;\r\n\tresize: vertical;\r\n}\r\n.zcwf_lblLeft .zcwf_row:after, .zcwf_lblLeft .zcwf_col_fld:after {\r\n\tcontent: '';\r\n\tdisplay: table;\r\n\tclear: both;\r\n}\r\n.zcwf_lblLeft .zcwf_col_help {\r\n\tfloat: left;\r\n\tmargin-left: 7px;\r\n\tfont-size: 12px;\r\n\tmax-width: 35%;\r\n\tword-break: break-word;\r\n}\r\n.zcwf_lblLeft .zcwf_help_icon {\r\n\tcursor: pointer;\r\n\twidth: 16px;\r\n\theight: 16px;\r\n\tdisplay: inline-block;\r\n\tbackground: #fff;\r\n\tborder: 1px solid #ccc;\r\n\tcolor: #ccc;\r\n\ttext-align: center;\r\n\tfont-size: 11px;\r\n\tline-height: 16px;\r\n\tfont-weight: bold;\r\n\tborder-radius: 50%;\r\n}\r\n.zcwf_lblLeft .zcwf_row {margin: 0px 0px;}\r\n.zcwf_lblLeft .formsubmit {\r\n\tmargin-right: 5px;\r\n\tcursor: pointer;\r\n\tcolor: #333;\r\n\tfont-size: 12px;\r\n}\r\n.zcwf_lblLeft .zcwf_privacy_txt {\r\n\tcolor: rgb(0, 0, 0);\r\n\tfont-size: 12px;\r\n\tfont-family: Arial;\r\n\tdisplay: inline-block;\r\n\tvertical-align: top;\r\n\tcolor: #333;\r\n\tpadding-top: 2px;\r\n\tmargin-left: 6px;\r\n}\r\n.zcwf_lblLeft .zcwf_button {\r\n\tfont-size: 12px;\r\n\tcolor: #333;\r\n\tborder: 1px solid #ccc;\r\n\tpadding: 3px 9px;\r\n\tborder-radius: 4px;\r\n\tcursor: pointer;\r\n\tmax-width: 120px;\r\n\toverflow: hidden;\r\n\ttext-overflow: ellipsis;\r\n\twhite-space: nowrap;\r\n}\r\n.zcwf_lblLeft .zcwf_tooltip_over{\r\n\tposition: relative;\r\n}\r\n.zcwf_lblLeft .zcwf_tooltip_ctn{\r\n\tposition: absolute;\r\n\tbackground: #dedede;\r\n\tpadding: 3px 6px;\r\n\ttop: 3px;\r\n\tborder-radius: 4px;word-break: break-all;\r\n\tmin-width: 50px;\r\n\tmax-width: 150px;\r\n\tcolor: #333;\r\n}\r\n.zcwf_lblLeft .zcwf_ckbox{\r\n\tfloat: left;\r\n}\r\n.zcwf_lblLeft .zcwf_file{\r\n\twidth: 55%;\r\n\tbox-sizing: border-box;\r\n\tfloat: left;\r\n}\r\n.clearB:after{\r\n\tcontent:'';\r\n\tdisplay: block;\r\n\tclear: both;\r\n}\r\n@media all and (max-width: 600px) {\r\n\t.zcwf_lblLeft .zcwf_col_lab, .zcwf_lblLeft .zcwf_col_fld {\r\n\t\twidth: auto;\r\n\t\tfloat: none !important;\r\n\t}\r\n\t.zcwf_lblLeft .zcwf_col_help {width: 40%;}\r\n}\r\n<\/style>\r\n<div class=\"zcwf_title\" style=\"max-width: 600px; color: black;\">QUIERO ESTUDIAR INGENIER\u00cdA DE SISTEMAS Y DESEO M\u00c1S INFORMACI\u00d3N<\/div>\r\n<br \/>\r\n<p>D\u00e9janos tus datos y nos comunicaremos contigo para brindarte informaci\u00f3n detallada sobre el programa.<\/p>\r\n<div class=\"zcwf_row\">\r\n<div class=\"input-group mb-3\"><input id=\"First_Name\" class=\"form-control\" maxlength=\"40\" name=\"First Name\" required=\"\" type=\"text\" placeholder=\"Nombres*\" \/>\r\n<div class=\"zcwf_col_help\">\u00a0<\/div>\r\n<\/div>\r\n<\/div>\r\n<div class=\"zcwf_row\">\r\n<div class=\"input-group mb-3\"><input id=\"Last_Name\" class=\"form-control\" maxlength=\"80\" name=\"Last Name\" required=\"\" type=\"text\" placeholder=\"Apellidos*\" \/>\r\n<div class=\"zcwf_col_help\">\u00a0<\/div>\r\n<\/div>\r\n<\/div>\r\n<div class=\"zcwf_row\">\r\n<div class=\"input-group mb-3\"><input id=\"Mobile\" class=\"form-control\" maxlength=\"30\" name=\"Mobile\" required=\"\" type=\"number\" placeholder=\"N\u00famero de tel\u00e9fono*\" \/>\r\n<div class=\"zcwf_col_help\">\u00a0<\/div>\r\n<\/div>\r\n<\/div>\r\n<div class=\"zcwf_row\">\r\n<div class=\"input-group mb-3\"><input id=\"Email\" class=\"form-control\" maxlength=\"100\" name=\"Email\" type=\"text\" placeholder=\"Correo electr\u00f3nico*\" \/>\r\n<div class=\"zcwf_col_help\">\u00a0<\/div>\r\n<\/div>\r\n<\/div>\r\n<div class=\"zcwf_row wfrm_fld_dpNn\">\r\n<div class=\"input-group mb-3\"><select id=\"LEADCF1\" class=\"form-select\" name=\"LEADCF1\">\r\n<option value=\"Ingenier\u00eda de Sistemas\">Ingenier\u00eda de Sistemas<\/option>\r\n<\/select>\r\n<div class=\"zcwf_col_help\">\u00a0<\/div>\r\n<\/div>\r\n<\/div>\r\n<div class=\"zcwf_row wfrm_fld_dpNn\">\r\n<div class=\"zcwf_col_lab\" style=\"font-size: 12px; font-family: Arial;\"><label for=\"LEADCF2\">Tipo de Programa<\/label><\/div>\r\n<div class=\"zcwf_col_fld\"><select id=\"LEADCF2\" class=\"zcwf_col_fld_slt\" name=\"LEADCF2\">\r\n<option selected=\"selected\" value=\"Pregrados Presenciales\">Pregrados Presenciales<\/option>\r\n<\/select>\r\n<div class=\"zcwf_col_help\">\u00a0<\/div>\r\n<\/div>\r\n<\/div>\r\n<div class=\"zcwf_row wfrm_fld_dpNn\">\r\n<div class=\"zcwf_col_lab\" style=\"font-size: 12px; font-family: Arial;\"><label for=\"Lead_Source\">Fuente de Posible cliente<\/label><\/div>\r\n<div class=\"zcwf_col_fld\"><select id=\"Lead_Source\" class=\"zcwf_col_fld_slt\" name=\"Lead Source\">\r\n<option selected=\"selected\" value=\"Formulario Web\">Formulario Web<\/option>\r\n<\/select>\r\n<div class=\"zcwf_col_help\">\u00a0<\/div>\r\n<\/div>\r\n<\/div>\r\n<div class=\"zcwf_row wfrm_fld_dpNn\">\r\n<div class=\"zcwf_col_lab\" style=\"font-size: 12px; font-family: Arial;\"><label for=\"LEADCF22\">UTM SOURCE<\/label><\/div>\r\n<div class=\"zcwf_col_fld\"><input id=\"utm_source\" maxlength=\"255\" name=\"LEADCF22\" type=\"text\" \/>\r\n<div class=\"zcwf_col_help\">\u00a0<\/div>\r\n<\/div>\r\n<\/div>\r\n<div class=\"zcwf_row wfrm_fld_dpNn\">\r\n<div class=\"zcwf_col_lab\" style=\"font-size: 12px; font-family: Arial;\"><label for=\"LEADCF18\">UTM MEDIUM<\/label><\/div>\r\n<div class=\"zcwf_col_fld\"><input id=\"utm_medium\" maxlength=\"255\" name=\"LEADCF18\" type=\"text\" \/>\r\n<div class=\"zcwf_col_help\">\u00a0<\/div>\r\n<\/div>\r\n<\/div>\r\n<div class=\"zcwf_row wfrm_fld_dpNn\">\r\n<div class=\"zcwf_col_lab\" style=\"font-size: 12px; font-family: Arial;\"><label for=\"LEADCF19\">UTM CAMPAIGN<\/label><\/div>\r\n<div class=\"zcwf_col_fld\"><input id=\"utm_campaign\" maxlength=\"255\" name=\"LEADCF19\" type=\"text\" \/>\r\n<div class=\"zcwf_col_help\">\u00a0<\/div>\r\n<\/div>\r\n<\/div>\r\n<div class=\"zcwf_row wfrm_fld_dpNn\">\r\n<div class=\"zcwf_col_lab\" style=\"font-size: 12px; font-family: Arial;\"><label for=\"LEADCF20\">UTM CONTENT<\/label><\/div>\r\n<div class=\"zcwf_col_fld\"><input id=\"utm_content\" maxlength=\"255\" name=\"LEADCF20\" type=\"text\" \/>\r\n<div class=\"zcwf_col_help\">\u00a0<\/div>\r\n<\/div>\r\n<\/div>\r\n<div class=\"zcwf_row wfrm_fld_dpNn\">\r\n<div class=\"zcwf_col_lab\" style=\"font-size: 12px; font-family: Arial;\"><label for=\"LEADCF21\">UTM TERM<\/label><\/div>\r\n<div class=\"zcwf_col_fld\"><input id=\"utm_term\" maxlength=\"255\" name=\"LEADCF21\" type=\"text\" \/>\r\n<div class=\"zcwf_col_help\">\u00a0<\/div>\r\n<\/div>\r\n<\/div>\r\n<div class=\"zcwf_row\">\r\n<div class=\"zcwf_col_lab\">\u00a0<\/div>\r\n<div class=\"zcwf_col_fld\">\r\n<div id=\"recap4979259000001566153\" class=\"g-recaptcha\" data-sitekey=\"6LdpQ4IdAAAAAF4QqehFB3WWIL3dAOGZ3BGKkYY1\" data-theme=\"light\" data-callback=\"rccallback4979259000001566153\">\u00a0<\/div>\r\n<div id=\"recapErr4979259000001566153\" style=\"font-size: 12px; color: red; visibility: hidden;\">Error en validaci\u00f3n de Captcha. Si no es un robot, int\u00e9ntelo de nuevo.<\/div>\r\n<\/div>\r\n<\/div>\r\n<div class=\"zcwf_row\">\r\n<div class=\"row\">\r\n<div class=\"col-lg-12\"><span style=\"font-family: 'IBM Plex Sans', Helvetica, sans-serif, 'IBM Plex Sans', arial, sans-serif; font-size: 10px; background-color: #f5f5f5;\"> Con los datos suministrados, autorizo brindar y recibir informaci\u00f3n de la Corporaci\u00f3n Universitaria Americana, quien se encuentra legitimada para administrar y tratar la informaci\u00f3n correspondiente a mis datos; seg\u00fan la Pol\u00edtica Tratamiento de Informaci\u00f3n y Protecci\u00f3n de Datos Personales (Ley 1581 de 2012 y el Decreto 1377 de 2013). <\/span><\/div>\r\n<\/div>\r\n<div class=\"zcwf_row\">\r\n<div class=\"zcwf_col_lab\">\u00a0<\/div>\r\n<div class=\"zcwf_col_fld\"><input id=\"formsubmit\" class=\"formsubmit zcwf_button\" title=\"Enviar\" type=\"submit\" value=\"Enviar\" \/><input class=\"zcwf_button\" title=\"Restablecer\" name=\"reset\" type=\"reset\" value=\"Restablecer\" \/><\/div>\r\n<\/div>\r\n<\/div>\r\n<script src=\"https:\/\/cdn.jsdelivr.net\/npm\/bootstrap@5.1.3\/dist\/js\/bootstrap.bundle.min.js\" integrity=\"sha384-ka7Sk0Gln4gmtz2MlQnikT1wXgYsOg+OMhuP+IlRH9sENBO0LRn5q+8nbTov4+1p\" crossorigin=\"anonymous\"><\/script> <script>\r\n\t\tfunction privacyAlert4979259000001566153()\r\n\t\t{\r\n\t\t\tvar privacyTool = document.getElementById('privacyTool4979259000001566153');\r\n\t\t\tvar privacyErr = document.getElementById('privacyErr4979259000001566153');\r\n\t\t\tif(privacyTool !=undefined && !privacyTool.checked )\r\n\t\t\t{\r\n\t\t\t\tprivacyErr.style.visibility='visible';\r\n\t\t\t\tprivacyTool.focus();\r\n\t\t\t\treturn false;\r\n\t\t\t}\r\n\t\t\treturn true;\r\n\t\t}\r\n\t\tfunction disableErr4979259000001566153()\r\n\t\t{\r\n\t\t\tvar privacyTool = document.getElementById('privacyTool4979259000001566153');\r\n\t\t\tvar privacyErr = document.getElementById('privacyErr4979259000001566153');\r\n\t\t\tif(privacyTool !=undefined && privacyTool.checked && privacyErr !=undefined )\r\n\t\t\t{\r\n\t\t\t\tprivacyErr.style.visibility='hidden';\r\n\t\t\t}\r\n\t\t}\r\n\r\n  \/* Do not remove this code. *\/\r\n \tfunction rccallback4979259000001566153()\r\n\t{\r\n\t\tif(document.getElementById('recap4979259000001566153')!=undefined){\r\n\t\t\tdocument.getElementById('recap4979259000001566153').setAttribute('captcha-verified',true);\r\n\t\t}\r\n\t\tif(document.getElementById('recapErr4979259000001566153')!=undefined && document.getElementById('recapErr4979259000001566153').style.visibility == 'visible' ){\r\n\t\t\tdocument.getElementById('recapErr4979259000001566153').style.visibility='hidden';\r\n\t\t}\r\n\t}\r\n\tfunction reCaptchaAlert4979259000001566153()\r\n\t{\r\n\t\tvar recap = document.getElementById('recap4979259000001566153');\r\n\t\tif( recap !=undefined && recap.getAttribute('captcha-verified') == 'false')\r\n\t\t{\r\n\t\t\tdocument.getElementById('recapErr4979259000001566153').style.visibility='visible';\r\n\t\t\treturn false;\r\n\t\t}\r\n\t\treturn true;\r\n\t}\r\n\tfunction validateEmail4979259000001566153()\r\n\t{\r\n\t\tvar form = document.forms['WebToLeads4979259000001566153'];\r\n\t\tvar emailFld = form.querySelectorAll('[ftype=email]');\r\n\t\tvar i;\r\n\t\tfor (i = 0; i < emailFld.length; i++)\r\n\t\t{\r\n\t\t\tvar emailVal = emailFld[i].value;\r\n\t\t\tif((emailVal.replace(\/^\\s+|\\s+$\/g, '')).length!=0 )\r\n\t\t\t{\r\n\t\t\t\tvar atpos=emailVal.indexOf('@');\r\n\t\t\t\tvar dotpos=emailVal.lastIndexOf('.');\r\n\t\t\t\tif (atpos<1 || dotpos<atpos+2 || dotpos+2>=emailVal.length)\r\n\t\t\t\t{\r\n\t\t\t\t\talert('Introduzca una direcci\u00f3n de correo electr\u00f3nico v\u00e1lida. ');\r\n\t\t\t\t\temailFld[i].focus();\r\n\t\t\t\t\treturn false;\r\n\t\t\t\t}\r\n\t\t\t}\r\n\t\t}\r\n\t\treturn true;\r\n\t}\r\n\r\n \t  function checkMandatory4979259000001566153() {\r\n\t\tvar mndFileds = new Array('First Name','Last Name','Email','Mobile');\r\n\t\tvar fldLangVal = new Array('Nombre','Apellidos','Correo\\x20electr\\xF3nico','Tel\\xE9fono');\r\n\t\tfor(i=0;i<mndFileds.length;i++) {\r\n\t\t  var fieldObj=document.forms['WebToLeads4979259000001566153'][mndFileds[i]];\r\n\t\t  if(fieldObj) {\r\n\t\t\tif (((fieldObj.value).replace(\/^\\s+|\\s+$\/g, '')).length==0) {\r\n\t\t\t if(fieldObj.type =='file')\r\n\t\t\t\t{ \r\n\t\t\t\t alert('Seleccione un archivo para cargar.'); \r\n\t\t\t\t fieldObj.focus(); \r\n\t\t\t\t return false;\r\n\t\t\t\t} \r\n\t\t\talert(fldLangVal[i] +' no puede estar vac\u00edo.'); \r\n   \t   \t  \t  fieldObj.focus();\r\n   \t   \t  \t  return false;\r\n\t\t\t}  else if(fieldObj.nodeName=='SELECT') {\r\n  \t   \t   \t if(fieldObj.options[fieldObj.selectedIndex].value=='-None-') {\r\n\t\t\t\talert(fldLangVal[i] +' no puede ser nulo.'); \r\n\t\t\t\tfieldObj.focus();\r\n\t\t\t\treturn false;\r\n\t\t\t   }\r\n\t\t\t} else if(fieldObj.type =='checkbox'){\r\n \t \t \t if(fieldObj.checked == false){\r\n\t\t\t\talert('Please accept  '+fldLangVal[i]);\r\n\t\t\t\tfieldObj.focus();\r\n\t\t\t\treturn false;\r\n\t\t\t   } \r\n\t\t\t } \r\n\t\t\t try {\r\n\t\t\t     if(fieldObj.name == 'Last Name') {\r\n\t\t\t\tname = fieldObj.value;\r\n \t \t \t    }\r\n\t\t\t} catch (e) {}\r\n\t\t    }\r\n\t\t}\r\n\t\tif(!validateEmail4979259000001566153()){return false;}\r\n\t\t\r\n\t\tif(!privacyAlert4979259000001566153()){return false;}\r\n\t\t\r\n\t\tif(!reCaptchaAlert4979259000001566153()){return false;}\r\n\t\tdocument.querySelector('.crmWebToEntityForm .formsubmit').setAttribute('disabled', true);\r\n\t}\r\n\r\nfunction tooltipShow4979259000001566153(el){\r\n\tvar tooltip = el.nextElementSibling;\r\n\tvar tooltipDisplay = tooltip.style.display;\r\n\tif(tooltipDisplay == 'none'){\r\n\t\tvar allTooltip = document.getElementsByClassName('zcwf_tooltip_over');\r\n\t\tfor(i=0; i<allTooltip.length; i++){\r\n\t\t\tallTooltip[i].style.display='none';\r\n\t\t}\r\n\t\ttooltip.style.display = 'block';\r\n\t}else{\r\n\t\ttooltip.style.display='none';\r\n\t}\r\n}\r\n<\/script> <!-- Do not remove this --- Analytics Tracking code starts --><script id='wf_anal' src='https:\/\/crm.zohopublic.com\/crm\/WebFormAnalyticsServeServlet?rid=0068f4a66dcdfe8e8d0343ed193846ca292acc6c23846c5f8107869821847632gidad6ab1f749f8a9aa8dcd4c24a1f3c9ceab08ca14012e90b0dbd463778cbf574egid885e3c1045bd9bdcc91bdf30f82b5696gid14f4ec16431e0686150daa43f3210513'><\/script><!-- Do not remove this --- Analytics Tracking code ends. --><\/form><\/div>\r\n","protected":false},"excerpt":{"rendered":"<p>QUIERO ESTUDIAR INGENIER\u00cdA DE SISTEMAS Y DESEO M\u00c1S INFORMACI\u00d3N D\u00e9janos tus datos y nos comunicaremos contigo para brindarte informaci\u00f3n detallada sobre el programa. \u00a0 \u00a0 \u00a0 \u00a0 Ingenier\u00eda de Sistemas [&hellip;]<\/p>\n","protected":false},"author":1,"featured_media":0,"parent":0,"menu_order":0,"comment_status":"closed","ping_status":"closed","template":"","meta":{"footnotes":""},"yoast_head":"<!-- This site is optimized with the Yoast SEO plugin v24.0 - https:\/\/yoast.com\/wordpress\/plugins\/seo\/ -->\n<title>\u25b7 Ingenier\u00eda de Sistemas &#187; La Americana Barranquilla<\/title>\n<meta name=\"description\" content=\"Comienza a estudiar Ingenier\u00eda de Sistemas, Duraci\u00f3n: 10 semestres, Metodolog\u00eda Presencial, Ciudad: Barranquilla, Recibe t\u00edtulo de Ingeniero de Sistemas.\" \/>\n<meta name=\"robots\" content=\"index, follow, max-snippet:-1, max-image-preview:large, max-video-preview:-1\" \/>\n<link rel=\"canonical\" href=\"https:\/\/americana.edu.co\/monteria\/ingenieria-de-sistemas\/\" \/>\n<meta property=\"og:locale\" content=\"es_ES\" \/>\n<meta property=\"og:type\" content=\"article\" \/>\n<meta property=\"og:title\" content=\"\u25b7 Ingenier\u00eda de Sistemas &#187; La Americana Barranquilla\" \/>\n<meta property=\"og:description\" content=\"Comienza a estudiar Ingenier\u00eda de Sistemas, Duraci\u00f3n: 10 semestres, Metodolog\u00eda Presencial, Ciudad: Barranquilla, Recibe t\u00edtulo de Ingeniero de Sistemas.\" \/>\n<meta property=\"og:url\" content=\"https:\/\/americana.edu.co\/monteria\/ingenieria-de-sistemas\/\" \/>\n<meta property=\"og:site_name\" content=\"Corporaci\u00f3n Universitaria Americana - Monter\u00eda\" \/>\n<meta property=\"article:modified_time\" content=\"2023-03-21T15:25:44+00:00\" \/>\n<meta name=\"twitter:card\" content=\"summary_large_image\" \/>\n<meta name=\"twitter:label1\" content=\"Tiempo de lectura\" \/>\n\t<meta name=\"twitter:data1\" content=\"1 minuto\" \/>\n<script type=\"application\/ld+json\" class=\"yoast-schema-graph\">{\"@context\":\"https:\/\/schema.org\",\"@graph\":[{\"@type\":\"WebPage\",\"@id\":\"https:\/\/americana.edu.co\/monteria\/ingenieria-de-sistemas\/\",\"url\":\"https:\/\/americana.edu.co\/monteria\/ingenieria-de-sistemas\/\",\"name\":\"\u25b7 Ingenier\u00eda de Sistemas &#187; La Americana Barranquilla\",\"isPartOf\":{\"@id\":\"https:\/\/americana.edu.co\/monteria\/#website\"},\"datePublished\":\"2018-12-26T19:19:13+00:00\",\"dateModified\":\"2023-03-21T15:25:44+00:00\",\"description\":\"Comienza a estudiar Ingenier\u00eda de Sistemas, Duraci\u00f3n: 10 semestres, Metodolog\u00eda Presencial, Ciudad: Barranquilla, Recibe t\u00edtulo de Ingeniero de Sistemas.\",\"breadcrumb\":{\"@id\":\"https:\/\/americana.edu.co\/monteria\/ingenieria-de-sistemas\/#breadcrumb\"},\"inLanguage\":\"es-CO\",\"potentialAction\":[{\"@type\":\"ReadAction\",\"target\":[\"https:\/\/americana.edu.co\/monteria\/ingenieria-de-sistemas\/\"]}]},{\"@type\":\"BreadcrumbList\",\"@id\":\"https:\/\/americana.edu.co\/monteria\/ingenieria-de-sistemas\/#breadcrumb\",\"itemListElement\":[{\"@type\":\"ListItem\",\"position\":1,\"name\":\"Portada\",\"item\":\"https:\/\/americana.edu.co\/monteria\/\"},{\"@type\":\"ListItem\",\"position\":2,\"name\":\"Ingenier\u00eda de Sistemas\"}]},{\"@type\":\"WebSite\",\"@id\":\"https:\/\/americana.edu.co\/monteria\/#website\",\"url\":\"https:\/\/americana.edu.co\/monteria\/\",\"name\":\"Corporaci\u00f3n Universitaria Americana - Monter\u00eda\",\"description\":\"\",\"publisher\":{\"@id\":\"https:\/\/americana.edu.co\/monteria\/#organization\"},\"potentialAction\":[{\"@type\":\"SearchAction\",\"target\":{\"@type\":\"EntryPoint\",\"urlTemplate\":\"https:\/\/americana.edu.co\/monteria\/?s={search_term_string}\"},\"query-input\":{\"@type\":\"PropertyValueSpecification\",\"valueRequired\":true,\"valueName\":\"search_term_string\"}}],\"inLanguage\":\"es-CO\"},{\"@type\":\"Organization\",\"@id\":\"https:\/\/americana.edu.co\/monteria\/#organization\",\"name\":\"Corporaci\u00f3n Universitaria Americana Monter\u00eda\",\"url\":\"https:\/\/americana.edu.co\/monteria\/\",\"logo\":{\"@type\":\"ImageObject\",\"inLanguage\":\"es-CO\",\"@id\":\"https:\/\/americana.edu.co\/monteria\/#\/schema\/logo\/image\/\",\"url\":\"https:\/\/americana.edu.co\/monteria\/wp-content\/uploads\/2022\/11\/logo-americana.png\",\"contentUrl\":\"https:\/\/americana.edu.co\/monteria\/wp-content\/uploads\/2022\/11\/logo-americana.png\",\"width\":161,\"height\":195,\"caption\":\"Corporaci\u00f3n Universitaria Americana Monter\u00eda\"},\"image\":{\"@id\":\"https:\/\/americana.edu.co\/monteria\/#\/schema\/logo\/image\/\"}}]}<\/script>\n<!-- \/ Yoast SEO plugin. -->","yoast_head_json":{"title":"\u25b7 Ingenier\u00eda de Sistemas &#187; La Americana Barranquilla","description":"Comienza a estudiar Ingenier\u00eda de Sistemas, Duraci\u00f3n: 10 semestres, Metodolog\u00eda Presencial, Ciudad: Barranquilla, Recibe t\u00edtulo de Ingeniero de Sistemas.","robots":{"index":"index","follow":"follow","max-snippet":"max-snippet:-1","max-image-preview":"max-image-preview:large","max-video-preview":"max-video-preview:-1"},"canonical":"https:\/\/americana.edu.co\/monteria\/ingenieria-de-sistemas\/","og_locale":"es_ES","og_type":"article","og_title":"\u25b7 Ingenier\u00eda de Sistemas &#187; La Americana Barranquilla","og_description":"Comienza a estudiar Ingenier\u00eda de Sistemas, Duraci\u00f3n: 10 semestres, Metodolog\u00eda Presencial, Ciudad: Barranquilla, Recibe t\u00edtulo de Ingeniero de Sistemas.","og_url":"https:\/\/americana.edu.co\/monteria\/ingenieria-de-sistemas\/","og_site_name":"Corporaci\u00f3n Universitaria Americana - Monter\u00eda","article_modified_time":"2023-03-21T15:25:44+00:00","twitter_card":"summary_large_image","twitter_misc":{"Tiempo de lectura":"1 minuto"},"schema":{"@context":"https:\/\/schema.org","@graph":[{"@type":"WebPage","@id":"https:\/\/americana.edu.co\/monteria\/ingenieria-de-sistemas\/","url":"https:\/\/americana.edu.co\/monteria\/ingenieria-de-sistemas\/","name":"\u25b7 Ingenier\u00eda de Sistemas &#187; La Americana Barranquilla","isPartOf":{"@id":"https:\/\/americana.edu.co\/monteria\/#website"},"datePublished":"2018-12-26T19:19:13+00:00","dateModified":"2023-03-21T15:25:44+00:00","description":"Comienza a estudiar Ingenier\u00eda de Sistemas, Duraci\u00f3n: 10 semestres, Metodolog\u00eda Presencial, Ciudad: Barranquilla, Recibe t\u00edtulo de Ingeniero de Sistemas.","breadcrumb":{"@id":"https:\/\/americana.edu.co\/monteria\/ingenieria-de-sistemas\/#breadcrumb"},"inLanguage":"es-CO","potentialAction":[{"@type":"ReadAction","target":["https:\/\/americana.edu.co\/monteria\/ingenieria-de-sistemas\/"]}]},{"@type":"BreadcrumbList","@id":"https:\/\/americana.edu.co\/monteria\/ingenieria-de-sistemas\/#breadcrumb","itemListElement":[{"@type":"ListItem","position":1,"name":"Portada","item":"https:\/\/americana.edu.co\/monteria\/"},{"@type":"ListItem","position":2,"name":"Ingenier\u00eda de Sistemas"}]},{"@type":"WebSite","@id":"https:\/\/americana.edu.co\/monteria\/#website","url":"https:\/\/americana.edu.co\/monteria\/","name":"Corporaci\u00f3n Universitaria Americana - Monter\u00eda","description":"","publisher":{"@id":"https:\/\/americana.edu.co\/monteria\/#organization"},"potentialAction":[{"@type":"SearchAction","target":{"@type":"EntryPoint","urlTemplate":"https:\/\/americana.edu.co\/monteria\/?s={search_term_string}"},"query-input":{"@type":"PropertyValueSpecification","valueRequired":true,"valueName":"search_term_string"}}],"inLanguage":"es-CO"},{"@type":"Organization","@id":"https:\/\/americana.edu.co\/monteria\/#organization","name":"Corporaci\u00f3n Universitaria Americana Monter\u00eda","url":"https:\/\/americana.edu.co\/monteria\/","logo":{"@type":"ImageObject","inLanguage":"es-CO","@id":"https:\/\/americana.edu.co\/monteria\/#\/schema\/logo\/image\/","url":"https:\/\/americana.edu.co\/monteria\/wp-content\/uploads\/2022\/11\/logo-americana.png","contentUrl":"https:\/\/americana.edu.co\/monteria\/wp-content\/uploads\/2022\/11\/logo-americana.png","width":161,"height":195,"caption":"Corporaci\u00f3n Universitaria Americana Monter\u00eda"},"image":{"@id":"https:\/\/americana.edu.co\/monteria\/#\/schema\/logo\/image\/"}}]}},"_links":{"self":[{"href":"https:\/\/americana.edu.co\/monteria\/wp-json\/wp\/v2\/pages\/6704"}],"collection":[{"href":"https:\/\/americana.edu.co\/monteria\/wp-json\/wp\/v2\/pages"}],"about":[{"href":"https:\/\/americana.edu.co\/monteria\/wp-json\/wp\/v2\/types\/page"}],"author":[{"embeddable":true,"href":"https:\/\/americana.edu.co\/monteria\/wp-json\/wp\/v2\/users\/1"}],"replies":[{"embeddable":true,"href":"https:\/\/americana.edu.co\/monteria\/wp-json\/wp\/v2\/comments?post=6704"}],"version-history":[{"count":6,"href":"https:\/\/americana.edu.co\/monteria\/wp-json\/wp\/v2\/pages\/6704\/revisions"}],"predecessor-version":[{"id":96806,"href":"https:\/\/americana.edu.co\/monteria\/wp-json\/wp\/v2\/pages\/6704\/revisions\/96806"}],"wp:attachment":[{"href":"https:\/\/americana.edu.co\/monteria\/wp-json\/wp\/v2\/media?parent=6704"}],"curies":[{"name":"wp","href":"https:\/\/api.w.org\/{rel}","templated":true}]}}